{"id":996,"date":"2025-11-03T20:36:21","date_gmt":"2025-11-03T20:36:21","guid":{"rendered":"https:\/\/tresorsdanna.com\/?post_type=product&#038;p=996"},"modified":"2025-11-14T14:19:31","modified_gmt":"2025-11-14T14:19:31","slug":"gilet-name-it-gris-fonce-9-12-mois","status":"publish","type":"product","link":"https:\/\/tresorsdanna.com\/index.php\/produit\/gilet-name-it-gris-fonce-9-12-mois\/","title":{"rendered":"Gilet- Name it- Gris Fonc\u00e9- 9 \/ 12 mois"},"content":{"rendered":"<p>Beau gilet Name it en maille douce et chaude. Coupe confortable; facile \u00e0 assortir pour un look doux et \u00e9l\u00e9gant. Id\u00e9al pour la mi-saison<\/p>\n<p>composition: 39% Coton; 61% viscose<\/p>\n","protected":false},"excerpt":{"rendered":"<p>Petit gilet en maille- Name it- Gris fonc\u00e9- L\u00e9ger et confortable- Taille: 9 \/ 12 mois<\/p>\n","protected":false},"featured_media":997,"comment_status":"open","ping_status":"closed","template":"","meta":[],"product_brand":[],"product_cat":[36],"product_tag":[],"class_list":{"0":"post-996","1":"product","2":"type-product","3":"status-publish","4":"has-post-thumbnail","6":"product_cat-doudounes-vestes-gilets","8":"first","9":"instock","10":"shipping-taxable","11":"purchasable","12":"product-type-simple"},"jetpack_sharing_enabled":true,"_links":{"self":[{"href":"https:\/\/tresorsdanna.com\/index.php\/wp-json\/wp\/v2\/product\/996","targetHints":{"allow":["GET"]}}],"collection":[{"href":"https:\/\/tresorsdanna.com\/index.php\/wp-json\/wp\/v2\/product"}],"about":[{"href":"https:\/\/tresorsdanna.com\/index.php\/wp-json\/wp\/v2\/types\/product"}],"replies":[{"embeddable":true,"href":"https:\/\/tresorsdanna.com\/index.php\/wp-json\/wp\/v2\/comments?post=996"}],"wp:featuredmedia":[{"embeddable":true,"href":"https:\/\/tresorsdanna.com\/index.php\/wp-json\/wp\/v2\/media\/997"}],"wp:attachment":[{"href":"https:\/\/tresorsdanna.com\/index.php\/wp-json\/wp\/v2\/media?parent=996"}],"wp:term":[{"taxonomy":"product_brand","embeddable":true,"href":"https:\/\/tresorsdanna.com\/index.php\/wp-json\/wp\/v2\/product_brand?post=996"},{"taxonomy":"product_cat","embeddable":true,"href":"https:\/\/tresorsdanna.com\/index.php\/wp-json\/wp\/v2\/product_cat?post=996"},{"taxonomy":"product_tag","embeddable":true,"href":"https:\/\/tresorsdanna.com\/index.php\/wp-json\/wp\/v2\/product_tag?post=996"}],"curies":[{"name":"wp","href":"https:\/\/api.w.org\/{rel}","templated":true}]}}