{"id":983,"date":"2025-11-03T10:45:18","date_gmt":"2025-11-03T10:45:18","guid":{"rendered":"https:\/\/tresorsdanna.com\/?post_type=product&#038;p=983"},"modified":"2025-11-14T14:21:34","modified_gmt":"2025-11-14T14:21:34","slug":"veste-obaibi-marine-style-blazer-12-mois","status":"publish","type":"product","link":"https:\/\/tresorsdanna.com\/index.php\/produit\/veste-obaibi-marine-style-blazer-12-mois\/","title":{"rendered":"Veste Obaibi- Marine- Style Blazer- 12 mois"},"content":{"rendered":"<p>Charmante veste obaibi pour b\u00e9b\u00e9s, coloris marine, style blazer. Mati\u00e8re 100% coton. Douce et confortable. Id\u00e9ale pour compl\u00e9ter une tenue habill\u00e9e tout en gardant le confort du coton.<\/p>\n","protected":false},"excerpt":{"rendered":"<p>Petite veste Obaibi pour b\u00e9b\u00e9. Coloris marine au style blazer. 100% Coton- douce et confortable- 12 mois<\/p>\n","protected":false},"featured_media":984,"comment_status":"open","ping_status":"closed","template":"","meta":[],"product_brand":[],"product_cat":[36],"product_tag":[],"class_list":{"0":"post-983","1":"product","2":"type-product","3":"status-publish","4":"has-post-thumbnail","6":"product_cat-doudounes-vestes-gilets","8":"first","9":"instock","10":"shipping-taxable","11":"purchasable","12":"product-type-simple"},"jetpack_sharing_enabled":true,"_links":{"self":[{"href":"https:\/\/tresorsdanna.com\/index.php\/wp-json\/wp\/v2\/product\/983","targetHints":{"allow":["GET"]}}],"collection":[{"href":"https:\/\/tresorsdanna.com\/index.php\/wp-json\/wp\/v2\/product"}],"about":[{"href":"https:\/\/tresorsdanna.com\/index.php\/wp-json\/wp\/v2\/types\/product"}],"replies":[{"embeddable":true,"href":"https:\/\/tresorsdanna.com\/index.php\/wp-json\/wp\/v2\/comments?post=983"}],"wp:featuredmedia":[{"embeddable":true,"href":"https:\/\/tresorsdanna.com\/index.php\/wp-json\/wp\/v2\/media\/984"}],"wp:attachment":[{"href":"https:\/\/tresorsdanna.com\/index.php\/wp-json\/wp\/v2\/media?parent=983"}],"wp:term":[{"taxonomy":"product_brand","embeddable":true,"href":"https:\/\/tresorsdanna.com\/index.php\/wp-json\/wp\/v2\/product_brand?post=983"},{"taxonomy":"product_cat","embeddable":true,"href":"https:\/\/tresorsdanna.com\/index.php\/wp-json\/wp\/v2\/product_cat?post=983"},{"taxonomy":"product_tag","embeddable":true,"href":"https:\/\/tresorsdanna.com\/index.php\/wp-json\/wp\/v2\/product_tag?post=983"}],"curies":[{"name":"wp","href":"https:\/\/api.w.org\/{rel}","templated":true}]}}