{"id":977,"date":"2025-11-03T09:07:35","date_gmt":"2025-11-03T09:07:35","guid":{"rendered":"https:\/\/tresorsdanna.com\/?post_type=product&#038;p=977"},"modified":"2025-11-14T14:24:17","modified_gmt":"2025-11-14T14:24:17","slug":"pull-rose-beckaro-col-cheminee-et-volants-devant-taille-m-13-15-ans","status":"publish","type":"product","link":"https:\/\/tresorsdanna.com\/index.php\/produit\/pull-rose-beckaro-col-cheminee-et-volants-devant-taille-m-13-15-ans\/","title":{"rendered":"Pull Rose- Beckaro- Col chemin\u00e9e et volants devant- Taille M ( 13 \/ 15 ans )"},"content":{"rendered":"<p>Beau pull rose tendre \u00e0 col chemin\u00e9e agr\u00e9ment\u00e9 de deux volants sur le devant pour une touche f\u00e9minine et moderne. Maille douce et chaude. L\u00e9g\u00e8rement scintillant gr\u00e2ce \u00e0 ses fibres m\u00e9talliques. Convient pour le quotidien ou petites sorties. Il allie confort et raffinement.<\/p>\n<p>Existe en noir.<\/p>\n<p>Composition: 85% acrylique, 10% Polyester, 5%\u00a0 fibres m\u00e9talliques<\/p>\n","protected":false},"excerpt":{"rendered":"<p>Beau pull sign\u00e9 de la marque de qualit\u00e9 Beckaro- rose \u00e0 col chemin\u00e9e- doux et l\u00e9g\u00e8rement scintillant- M ( 13 \/ 15 ans)<\/p>\n","protected":false},"featured_media":978,"comment_status":"open","ping_status":"closed","template":"","meta":[],"product_brand":[],"product_cat":[38],"product_tag":[],"class_list":{"0":"post-977","1":"product","2":"type-product","3":"status-publish","4":"has-post-thumbnail","6":"product_cat-haut-filles","8":"first","9":"instock","10":"shipping-taxable","11":"purchasable","12":"product-type-simple"},"jetpack_sharing_enabled":true,"_links":{"self":[{"href":"https:\/\/tresorsdanna.com\/index.php\/wp-json\/wp\/v2\/product\/977","targetHints":{"allow":["GET"]}}],"collection":[{"href":"https:\/\/tresorsdanna.com\/index.php\/wp-json\/wp\/v2\/product"}],"about":[{"href":"https:\/\/tresorsdanna.com\/index.php\/wp-json\/wp\/v2\/types\/product"}],"replies":[{"embeddable":true,"href":"https:\/\/tresorsdanna.com\/index.php\/wp-json\/wp\/v2\/comments?post=977"}],"wp:featuredmedia":[{"embeddable":true,"href":"https:\/\/tresorsdanna.com\/index.php\/wp-json\/wp\/v2\/media\/978"}],"wp:attachment":[{"href":"https:\/\/tresorsdanna.com\/index.php\/wp-json\/wp\/v2\/media?parent=977"}],"wp:term":[{"taxonomy":"product_brand","embeddable":true,"href":"https:\/\/tresorsdanna.com\/index.php\/wp-json\/wp\/v2\/product_brand?post=977"},{"taxonomy":"product_cat","embeddable":true,"href":"https:\/\/tresorsdanna.com\/index.php\/wp-json\/wp\/v2\/product_cat?post=977"},{"taxonomy":"product_tag","embeddable":true,"href":"https:\/\/tresorsdanna.com\/index.php\/wp-json\/wp\/v2\/product_tag?post=977"}],"curies":[{"name":"wp","href":"https:\/\/api.w.org\/{rel}","templated":true}]}}