{"id":948,"date":"2025-11-02T06:58:21","date_gmt":"2025-11-02T06:58:21","guid":{"rendered":"https:\/\/tresorsdanna.com\/?post_type=product&#038;p=948"},"modified":"2025-11-02T07:16:52","modified_gmt":"2025-11-02T07:16:52","slug":"bolero-sergent-major-fushia-a-noeuds-turquoise-11-ans","status":"publish","type":"product","link":"https:\/\/tresorsdanna.com\/index.php\/produit\/bolero-sergent-major-fushia-a-noeuds-turquoise-11-ans\/","title":{"rendered":"Bol\u00e9ro-Sergent Major- Fushia \u00e0 N\u0153uds Turquoise- 11 ans"},"content":{"rendered":"<p>Petit bol\u00e9ro Sergent Major en maille douce fushia. Les petits n\u0153uds turquoise et le motif brod\u00e9s apportent une touche raffin\u00e9e et color\u00e9e. Id\u00e9al pour c\u00e9r\u00e9monies ou tenues au quotidien<\/p>\n<p>Composition:\u00a0 52% coton; 39% viscose, 9% polyamide<\/p>\n","protected":false},"excerpt":{"rendered":"<p>Bol\u00e9ro fushia -Sergent Major &#8211; orn\u00e9 de petits n\u0153uds turquoise et petite broderie sur c\u00f4t\u00e9- parfait pour compl\u00e9ter une robe ou un haut- 11 ans<\/p>\n","protected":false},"featured_media":949,"comment_status":"open","ping_status":"closed","template":"","meta":[],"product_brand":[],"product_cat":[29],"product_tag":[],"class_list":{"0":"post-948","1":"product","2":"type-product","3":"status-publish","4":"has-post-thumbnail","6":"product_cat-pantalons-filles","8":"first","9":"instock","10":"shipping-taxable","11":"purchasable","12":"product-type-simple"},"jetpack_sharing_enabled":true,"_links":{"self":[{"href":"https:\/\/tresorsdanna.com\/index.php\/wp-json\/wp\/v2\/product\/948","targetHints":{"allow":["GET"]}}],"collection":[{"href":"https:\/\/tresorsdanna.com\/index.php\/wp-json\/wp\/v2\/product"}],"about":[{"href":"https:\/\/tresorsdanna.com\/index.php\/wp-json\/wp\/v2\/types\/product"}],"replies":[{"embeddable":true,"href":"https:\/\/tresorsdanna.com\/index.php\/wp-json\/wp\/v2\/comments?post=948"}],"wp:featuredmedia":[{"embeddable":true,"href":"https:\/\/tresorsdanna.com\/index.php\/wp-json\/wp\/v2\/media\/949"}],"wp:attachment":[{"href":"https:\/\/tresorsdanna.com\/index.php\/wp-json\/wp\/v2\/media?parent=948"}],"wp:term":[{"taxonomy":"product_brand","embeddable":true,"href":"https:\/\/tresorsdanna.com\/index.php\/wp-json\/wp\/v2\/product_brand?post=948"},{"taxonomy":"product_cat","embeddable":true,"href":"https:\/\/tresorsdanna.com\/index.php\/wp-json\/wp\/v2\/product_cat?post=948"},{"taxonomy":"product_tag","embeddable":true,"href":"https:\/\/tresorsdanna.com\/index.php\/wp-json\/wp\/v2\/product_tag?post=948"}],"curies":[{"name":"wp","href":"https:\/\/api.w.org\/{rel}","templated":true}]}}