{"id":945,"date":"2025-11-02T06:39:19","date_gmt":"2025-11-02T06:39:19","guid":{"rendered":"https:\/\/tresorsdanna.com\/?post_type=product&#038;p=945"},"modified":"2025-11-14T14:28:02","modified_gmt":"2025-11-14T14:28:02","slug":"gilet-manches-longues-gocco-gris-a-fils-metallises-4-5ans","status":"publish","type":"product","link":"https:\/\/tresorsdanna.com\/index.php\/produit\/gilet-manches-longues-gocco-gris-a-fils-metallises-4-5ans\/","title":{"rendered":"Gilet Manches Longues- Gocco- Gris \u00e0 Fils M\u00e9tallis\u00e9s- 4 \/ 5ans"},"content":{"rendered":"<p>Joli gilet Gocco en maille gris clair subtilement brillante gr\u00e2ce \u00e0 ses fils m\u00e9tallis\u00e9s. Mati\u00e8re souple et brillante. Id\u00e9ale pour les tenues de f\u00eates ou simplement pour \u00e9gayer une tenue au quotidien.<\/p>\n<p>Composition: 53% Viscose; 37% coton; 7% polyester; 3% fibre m\u00e9tallis\u00e9<\/p>\n","protected":false},"excerpt":{"rendered":"<p>Gilet Gocco- filles en maille gris avec touche Lumineuse. Confortable et \u00e9l\u00e9gant- 4 \/ 5 ans<\/p>\n","protected":false},"featured_media":946,"comment_status":"open","ping_status":"closed","template":"","meta":[],"product_brand":[],"product_cat":[36],"product_tag":[],"class_list":{"0":"post-945","1":"product","2":"type-product","3":"status-publish","4":"has-post-thumbnail","6":"product_cat-doudounes-vestes-gilets","8":"first","9":"instock","10":"shipping-taxable","11":"purchasable","12":"product-type-simple"},"jetpack_sharing_enabled":true,"_links":{"self":[{"href":"https:\/\/tresorsdanna.com\/index.php\/wp-json\/wp\/v2\/product\/945","targetHints":{"allow":["GET"]}}],"collection":[{"href":"https:\/\/tresorsdanna.com\/index.php\/wp-json\/wp\/v2\/product"}],"about":[{"href":"https:\/\/tresorsdanna.com\/index.php\/wp-json\/wp\/v2\/types\/product"}],"replies":[{"embeddable":true,"href":"https:\/\/tresorsdanna.com\/index.php\/wp-json\/wp\/v2\/comments?post=945"}],"wp:featuredmedia":[{"embeddable":true,"href":"https:\/\/tresorsdanna.com\/index.php\/wp-json\/wp\/v2\/media\/946"}],"wp:attachment":[{"href":"https:\/\/tresorsdanna.com\/index.php\/wp-json\/wp\/v2\/media?parent=945"}],"wp:term":[{"taxonomy":"product_brand","embeddable":true,"href":"https:\/\/tresorsdanna.com\/index.php\/wp-json\/wp\/v2\/product_brand?post=945"},{"taxonomy":"product_cat","embeddable":true,"href":"https:\/\/tresorsdanna.com\/index.php\/wp-json\/wp\/v2\/product_cat?post=945"},{"taxonomy":"product_tag","embeddable":true,"href":"https:\/\/tresorsdanna.com\/index.php\/wp-json\/wp\/v2\/product_tag?post=945"}],"curies":[{"name":"wp","href":"https:\/\/api.w.org\/{rel}","templated":true}]}}