{"id":930,"date":"2025-10-31T21:18:55","date_gmt":"2025-10-31T21:18:55","guid":{"rendered":"https:\/\/tresorsdanna.com\/?post_type=product&#038;p=930"},"modified":"2025-11-14T14:30:45","modified_gmt":"2025-11-14T14:30:45","slug":"t-shirt-rouge-3-pommes-3-6-mois","status":"publish","type":"product","link":"https:\/\/tresorsdanna.com\/index.php\/produit\/t-shirt-rouge-3-pommes-3-6-mois\/","title":{"rendered":"T-shirt Rouge- 3 Pommes- 3\/6 Mois"},"content":{"rendered":"<p>T-shirt rouge 3 Pommes avec petits dessins sur le devant. Pressions \u00e0 l&rsquo;\u00e9paule pour faciliter l&rsquo;habillage. En coton doux et confortable pour B\u00e9b\u00e9<\/p>\n","protected":false},"excerpt":{"rendered":"<p>T-shirt rouge &#8211; 3 Pommes avec dessin sur le devant et pressions \u00e0 l&rsquo;\u00e9paule. 95% coton; 5% \u00e9lasthanne.3 \/6 mois<\/p>\n<p>&nbsp;<\/p>\n","protected":false},"featured_media":931,"comment_status":"open","ping_status":"closed","template":"","meta":[],"product_brand":[],"product_cat":[38],"product_tag":[],"class_list":{"0":"post-930","1":"product","2":"type-product","3":"status-publish","4":"has-post-thumbnail","6":"product_cat-haut-filles","8":"first","9":"instock","10":"shipping-taxable","11":"purchasable","12":"product-type-simple"},"jetpack_sharing_enabled":true,"_links":{"self":[{"href":"https:\/\/tresorsdanna.com\/index.php\/wp-json\/wp\/v2\/product\/930","targetHints":{"allow":["GET"]}}],"collection":[{"href":"https:\/\/tresorsdanna.com\/index.php\/wp-json\/wp\/v2\/product"}],"about":[{"href":"https:\/\/tresorsdanna.com\/index.php\/wp-json\/wp\/v2\/types\/product"}],"replies":[{"embeddable":true,"href":"https:\/\/tresorsdanna.com\/index.php\/wp-json\/wp\/v2\/comments?post=930"}],"wp:featuredmedia":[{"embeddable":true,"href":"https:\/\/tresorsdanna.com\/index.php\/wp-json\/wp\/v2\/media\/931"}],"wp:attachment":[{"href":"https:\/\/tresorsdanna.com\/index.php\/wp-json\/wp\/v2\/media?parent=930"}],"wp:term":[{"taxonomy":"product_brand","embeddable":true,"href":"https:\/\/tresorsdanna.com\/index.php\/wp-json\/wp\/v2\/product_brand?post=930"},{"taxonomy":"product_cat","embeddable":true,"href":"https:\/\/tresorsdanna.com\/index.php\/wp-json\/wp\/v2\/product_cat?post=930"},{"taxonomy":"product_tag","embeddable":true,"href":"https:\/\/tresorsdanna.com\/index.php\/wp-json\/wp\/v2\/product_tag?post=930"}],"curies":[{"name":"wp","href":"https:\/\/api.w.org\/{rel}","templated":true}]}}