{"id":921,"date":"2025-10-31T19:12:18","date_gmt":"2025-10-31T19:12:18","guid":{"rendered":"https:\/\/tresorsdanna.com\/?post_type=product&#038;p=921"},"modified":"2025-11-14T14:32:39","modified_gmt":"2025-11-14T14:32:39","slug":"pull-bonnet-a-pompons-jacquard-beige-jaune-gris-12ans","status":"publish","type":"product","link":"https:\/\/tresorsdanna.com\/index.php\/produit\/pull-bonnet-a-pompons-jacquard-beige-jaune-gris-12ans\/","title":{"rendered":"Pull Bonnet \u00e0 Pompons Jacquard beige, jaune, gris &#8211; 12ans"},"content":{"rendered":"<p>Pull Bonnet \u00e0 Pompon au motif jacquard, dans les tons beige, jaune, gris et noir. M\u00e9lange chaud et confortable de laine ( 50%) et d&rsquo;acrylique ( 50%). Style hivernal et original typique de la marque<\/p>\n","protected":false},"excerpt":{"rendered":"<p>Pull -jacquard Bonnet \u00e0 Pompons- chaud et original- m\u00e9lange laine et acrylique- 12 ans<\/p>\n","protected":false},"featured_media":922,"comment_status":"open","ping_status":"closed","template":"","meta":[],"product_brand":[],"product_cat":[38],"product_tag":[],"class_list":{"0":"post-921","1":"product","2":"type-product","3":"status-publish","4":"has-post-thumbnail","6":"product_cat-haut-filles","8":"first","9":"instock","10":"shipping-taxable","11":"purchasable","12":"product-type-simple"},"jetpack_sharing_enabled":true,"_links":{"self":[{"href":"https:\/\/tresorsdanna.com\/index.php\/wp-json\/wp\/v2\/product\/921","targetHints":{"allow":["GET"]}}],"collection":[{"href":"https:\/\/tresorsdanna.com\/index.php\/wp-json\/wp\/v2\/product"}],"about":[{"href":"https:\/\/tresorsdanna.com\/index.php\/wp-json\/wp\/v2\/types\/product"}],"replies":[{"embeddable":true,"href":"https:\/\/tresorsdanna.com\/index.php\/wp-json\/wp\/v2\/comments?post=921"}],"wp:featuredmedia":[{"embeddable":true,"href":"https:\/\/tresorsdanna.com\/index.php\/wp-json\/wp\/v2\/media\/922"}],"wp:attachment":[{"href":"https:\/\/tresorsdanna.com\/index.php\/wp-json\/wp\/v2\/media?parent=921"}],"wp:term":[{"taxonomy":"product_brand","embeddable":true,"href":"https:\/\/tresorsdanna.com\/index.php\/wp-json\/wp\/v2\/product_brand?post=921"},{"taxonomy":"product_cat","embeddable":true,"href":"https:\/\/tresorsdanna.com\/index.php\/wp-json\/wp\/v2\/product_cat?post=921"},{"taxonomy":"product_tag","embeddable":true,"href":"https:\/\/tresorsdanna.com\/index.php\/wp-json\/wp\/v2\/product_tag?post=921"}],"curies":[{"name":"wp","href":"https:\/\/api.w.org\/{rel}","templated":true}]}}