{"id":912,"date":"2025-10-31T14:33:18","date_gmt":"2025-10-31T14:33:18","guid":{"rendered":"https:\/\/tresorsdanna.com\/?post_type=product&#038;p=912"},"modified":"2025-11-14T14:34:17","modified_gmt":"2025-11-14T14:34:17","slug":"t-shirt-z-girl-rouge-manches-longues-5ans","status":"publish","type":"product","link":"https:\/\/tresorsdanna.com\/index.php\/produit\/t-shirt-z-girl-rouge-manches-longues-5ans\/","title":{"rendered":"T-Shirt -Z Girl- Rouge-Manches Longues- 5ans"},"content":{"rendered":"<p>T-shirt\u00a0 manches longues sign\u00e9 ZGirl. Coloris beau rouge. Simple et confortable parfait pour le quotidien. Sa coupe classique et sa mati\u00e8re douce en font une pi\u00e8ce facile \u00e0 assortir avec un jean ou une jupe pour un look moderne. Existe en gris perle.<\/p>\n","protected":false},"excerpt":{"rendered":"<p>T-shirt rouge- manches longues- simple,\u00a0 doux et pratique pour le quotidien.<\/p>\n","protected":false},"featured_media":914,"comment_status":"open","ping_status":"closed","template":"","meta":[],"product_brand":[],"product_cat":[38],"product_tag":[],"class_list":{"0":"post-912","1":"product","2":"type-product","3":"status-publish","4":"has-post-thumbnail","6":"product_cat-haut-filles","8":"first","9":"instock","10":"shipping-taxable","11":"purchasable","12":"product-type-simple"},"jetpack_sharing_enabled":true,"_links":{"self":[{"href":"https:\/\/tresorsdanna.com\/index.php\/wp-json\/wp\/v2\/product\/912","targetHints":{"allow":["GET"]}}],"collection":[{"href":"https:\/\/tresorsdanna.com\/index.php\/wp-json\/wp\/v2\/product"}],"about":[{"href":"https:\/\/tresorsdanna.com\/index.php\/wp-json\/wp\/v2\/types\/product"}],"replies":[{"embeddable":true,"href":"https:\/\/tresorsdanna.com\/index.php\/wp-json\/wp\/v2\/comments?post=912"}],"wp:featuredmedia":[{"embeddable":true,"href":"https:\/\/tresorsdanna.com\/index.php\/wp-json\/wp\/v2\/media\/914"}],"wp:attachment":[{"href":"https:\/\/tresorsdanna.com\/index.php\/wp-json\/wp\/v2\/media?parent=912"}],"wp:term":[{"taxonomy":"product_brand","embeddable":true,"href":"https:\/\/tresorsdanna.com\/index.php\/wp-json\/wp\/v2\/product_brand?post=912"},{"taxonomy":"product_cat","embeddable":true,"href":"https:\/\/tresorsdanna.com\/index.php\/wp-json\/wp\/v2\/product_cat?post=912"},{"taxonomy":"product_tag","embeddable":true,"href":"https:\/\/tresorsdanna.com\/index.php\/wp-json\/wp\/v2\/product_tag?post=912"}],"curies":[{"name":"wp","href":"https:\/\/api.w.org\/{rel}","templated":true}]}}