{"id":876,"date":"2025-10-30T19:05:11","date_gmt":"2025-10-30T19:05:11","guid":{"rendered":"https:\/\/tresorsdanna.com\/?post_type=product&#038;p=876"},"modified":"2025-11-27T06:11:58","modified_gmt":"2025-11-27T06:11:58","slug":"robe-tricot-absorba-marine-a-pois-rouge-et-pompons-6-mois","status":"publish","type":"product","link":"https:\/\/tresorsdanna.com\/index.php\/produit\/robe-tricot-absorba-marine-a-pois-rouge-et-pompons-6-mois\/","title":{"rendered":"Robe Tricot -Absorba- Marine \u00e0 pois rouge et pompons- 6 Mois"},"content":{"rendered":"<p>Jolie robe tricot Absorba, marque de qualit\u00e9 -fond marine parsem\u00e9 de pois rouge et orn\u00e9 de petits pompons multicolores sur le devant. Les manches longues sont d\u00e9licatement soulign\u00e9es d&rsquo;un petit volant aux \u00e9paules pour une touche chic. En tricot, elle est confortable et douce et convient pour la saison fra\u00eeche. Boutonn\u00e9e dans le dos, elle facilite l&rsquo;habillage.<\/p>\n<p>Composition: 53% Coton- 25% viscose- 22% Polyamide<\/p>\n","protected":false},"excerpt":{"rendered":"<p>Un joli mod\u00e8le Absorba- marine \u00e0 pois rouges,\u00a0 tendre et confortable avec ses petits pompons color\u00e9s- Id\u00e9al pour les premi\u00e8res journ\u00e9es fra\u00eeches.<\/p>\n","protected":false},"featured_media":1481,"comment_status":"open","ping_status":"closed","template":"","meta":[],"product_brand":[],"product_cat":[31],"product_tag":[],"class_list":{"0":"post-876","1":"product","2":"type-product","3":"status-publish","4":"has-post-thumbnail","6":"product_cat-robes-filles","8":"first","9":"instock","10":"shipping-taxable","11":"purchasable","12":"product-type-simple"},"jetpack_sharing_enabled":true,"_links":{"self":[{"href":"https:\/\/tresorsdanna.com\/index.php\/wp-json\/wp\/v2\/product\/876","targetHints":{"allow":["GET"]}}],"collection":[{"href":"https:\/\/tresorsdanna.com\/index.php\/wp-json\/wp\/v2\/product"}],"about":[{"href":"https:\/\/tresorsdanna.com\/index.php\/wp-json\/wp\/v2\/types\/product"}],"replies":[{"embeddable":true,"href":"https:\/\/tresorsdanna.com\/index.php\/wp-json\/wp\/v2\/comments?post=876"}],"wp:featuredmedia":[{"embeddable":true,"href":"https:\/\/tresorsdanna.com\/index.php\/wp-json\/wp\/v2\/media\/1481"}],"wp:attachment":[{"href":"https:\/\/tresorsdanna.com\/index.php\/wp-json\/wp\/v2\/media?parent=876"}],"wp:term":[{"taxonomy":"product_brand","embeddable":true,"href":"https:\/\/tresorsdanna.com\/index.php\/wp-json\/wp\/v2\/product_brand?post=876"},{"taxonomy":"product_cat","embeddable":true,"href":"https:\/\/tresorsdanna.com\/index.php\/wp-json\/wp\/v2\/product_cat?post=876"},{"taxonomy":"product_tag","embeddable":true,"href":"https:\/\/tresorsdanna.com\/index.php\/wp-json\/wp\/v2\/product_tag?post=876"}],"curies":[{"name":"wp","href":"https:\/\/api.w.org\/{rel}","templated":true}]}}