{"id":872,"date":"2025-10-30T16:45:02","date_gmt":"2025-10-30T16:45:02","guid":{"rendered":"https:\/\/tresorsdanna.com\/?post_type=product&#038;p=872"},"modified":"2025-11-14T14:39:10","modified_gmt":"2025-11-14T14:39:10","slug":"gilet-sans-manches-sergent-major-rose-pastel-double-fourrure-2ans","status":"publish","type":"product","link":"https:\/\/tresorsdanna.com\/index.php\/produit\/gilet-sans-manches-sergent-major-rose-pastel-double-fourrure-2ans\/","title":{"rendered":"Gilet-sans Manches-Sergent Major- rose Pastel- Doubl\u00e9 Fourrure- 2ans"},"content":{"rendered":"<p>Adorable petit gilet Sergent Major, rose pastel enti\u00e8rement doubl\u00e9 et brod\u00e9 de fourrure blanche. Confortable, il apporte une touche cocooning et \u00e9l\u00e9gante au tenues de mi- saison. parfait sur un sous-pull ou une robe pour rehausser les tenues des petites filles. Taille 24 mois.<\/p>\n<p>composition : Doublure et bordure en fourrure synth\u00e9tique- Dessus 100% Polyester effet daim<\/p>\n<p>&nbsp;<\/p>\n<p>&nbsp;<\/p>\n","protected":false},"excerpt":{"rendered":"<p>Gilet sans manches de marque Sergent Major- rose pastel- doubl\u00e9 fourrure- doux, confortable et raffin\u00e9<\/p>\n","protected":false},"featured_media":873,"comment_status":"open","ping_status":"closed","template":"","meta":[],"product_brand":[],"product_cat":[36],"product_tag":[],"class_list":{"0":"post-872","1":"product","2":"type-product","3":"status-publish","4":"has-post-thumbnail","6":"product_cat-doudounes-vestes-gilets","8":"first","9":"instock","10":"shipping-taxable","11":"purchasable","12":"product-type-simple"},"jetpack_sharing_enabled":true,"_links":{"self":[{"href":"https:\/\/tresorsdanna.com\/index.php\/wp-json\/wp\/v2\/product\/872","targetHints":{"allow":["GET"]}}],"collection":[{"href":"https:\/\/tresorsdanna.com\/index.php\/wp-json\/wp\/v2\/product"}],"about":[{"href":"https:\/\/tresorsdanna.com\/index.php\/wp-json\/wp\/v2\/types\/product"}],"replies":[{"embeddable":true,"href":"https:\/\/tresorsdanna.com\/index.php\/wp-json\/wp\/v2\/comments?post=872"}],"wp:featuredmedia":[{"embeddable":true,"href":"https:\/\/tresorsdanna.com\/index.php\/wp-json\/wp\/v2\/media\/873"}],"wp:attachment":[{"href":"https:\/\/tresorsdanna.com\/index.php\/wp-json\/wp\/v2\/media?parent=872"}],"wp:term":[{"taxonomy":"product_brand","embeddable":true,"href":"https:\/\/tresorsdanna.com\/index.php\/wp-json\/wp\/v2\/product_brand?post=872"},{"taxonomy":"product_cat","embeddable":true,"href":"https:\/\/tresorsdanna.com\/index.php\/wp-json\/wp\/v2\/product_cat?post=872"},{"taxonomy":"product_tag","embeddable":true,"href":"https:\/\/tresorsdanna.com\/index.php\/wp-json\/wp\/v2\/product_tag?post=872"}],"curies":[{"name":"wp","href":"https:\/\/api.w.org\/{rel}","templated":true}]}}