{"id":867,"date":"2025-10-30T08:08:06","date_gmt":"2025-10-30T08:08:06","guid":{"rendered":"https:\/\/tresorsdanna.com\/?post_type=product&#038;p=867"},"modified":"2025-11-14T14:39:55","modified_gmt":"2025-11-14T14:39:55","slug":"gilet-catimini-rose-a-franges-6-mois","status":"publish","type":"product","link":"https:\/\/tresorsdanna.com\/index.php\/produit\/gilet-catimini-rose-a-franges-6-mois\/","title":{"rendered":"Gilet- Catimini- Rose \u00e0 Franges-6 Mois"},"content":{"rendered":"<p>Adorable petit gilet Catimini rose, boutonn\u00e9 sur le devant et orn\u00e9 de petites franges \u00e0 l&#8217;empi\u00e8cement. Sa maille douce et chaude allie 44% polyamide, 49% acrylique et 7% Alpaga pour plus de confort. Un mod\u00e8le\u00a0 pour rehausser les tenues de b\u00e9b\u00e9s. Taille 6mois<\/p>\n<p>&nbsp;<\/p>\n<p>&nbsp;<\/p>\n","protected":false},"excerpt":{"rendered":"<p>Gilet\u00a0 de marque Catimini rose \u00e0 franges- doux, confortable et raffin\u00e9 pour les premiers mois de b\u00e9b\u00e9<\/p>\n","protected":false},"featured_media":868,"comment_status":"open","ping_status":"closed","template":"","meta":[],"product_brand":[],"product_cat":[36],"product_tag":[],"class_list":{"0":"post-867","1":"product","2":"type-product","3":"status-publish","4":"has-post-thumbnail","6":"product_cat-doudounes-vestes-gilets","8":"first","9":"instock","10":"shipping-taxable","11":"purchasable","12":"product-type-simple"},"jetpack_sharing_enabled":true,"_links":{"self":[{"href":"https:\/\/tresorsdanna.com\/index.php\/wp-json\/wp\/v2\/product\/867","targetHints":{"allow":["GET"]}}],"collection":[{"href":"https:\/\/tresorsdanna.com\/index.php\/wp-json\/wp\/v2\/product"}],"about":[{"href":"https:\/\/tresorsdanna.com\/index.php\/wp-json\/wp\/v2\/types\/product"}],"replies":[{"embeddable":true,"href":"https:\/\/tresorsdanna.com\/index.php\/wp-json\/wp\/v2\/comments?post=867"}],"wp:featuredmedia":[{"embeddable":true,"href":"https:\/\/tresorsdanna.com\/index.php\/wp-json\/wp\/v2\/media\/868"}],"wp:attachment":[{"href":"https:\/\/tresorsdanna.com\/index.php\/wp-json\/wp\/v2\/media?parent=867"}],"wp:term":[{"taxonomy":"product_brand","embeddable":true,"href":"https:\/\/tresorsdanna.com\/index.php\/wp-json\/wp\/v2\/product_brand?post=867"},{"taxonomy":"product_cat","embeddable":true,"href":"https:\/\/tresorsdanna.com\/index.php\/wp-json\/wp\/v2\/product_cat?post=867"},{"taxonomy":"product_tag","embeddable":true,"href":"https:\/\/tresorsdanna.com\/index.php\/wp-json\/wp\/v2\/product_tag?post=867"}],"curies":[{"name":"wp","href":"https:\/\/api.w.org\/{rel}","templated":true}]}}