{"id":864,"date":"2025-10-30T07:47:41","date_gmt":"2025-10-30T07:47:41","guid":{"rendered":"https:\/\/tresorsdanna.com\/?post_type=product&#038;p=864"},"modified":"2025-11-14T14:40:16","modified_gmt":"2025-11-14T14:40:16","slug":"pull-chipie-bleu-a-franges-rouges-et-noires-2-3-ans","status":"publish","type":"product","link":"https:\/\/tresorsdanna.com\/index.php\/produit\/pull-chipie-bleu-a-franges-rouges-et-noires-2-3-ans\/","title":{"rendered":"Pull- Chipie-Bleu \u00e0 Franges Rouges et Noires- 2 \/3 ans"},"content":{"rendered":"<p>Charmant pull Chipie bleu orn\u00e9 de franges rouges et noires sur le bas et manches. Un style original et plein de fantaisie. Sa maille douce et confortable m\u00eale 55% acrylique, 28% polyamide et 17% coton.<\/p>\n<p>Composition: 55% Acrylique;\u00a0 17%\u00a0 coton, 28% Polyamide<\/p>\n<p>Taille :2 \/ 3 ans<\/p>\n<p>&nbsp;<\/p>\n","protected":false},"excerpt":{"rendered":"<p>Pull\u00a0 de marque Chipie- bleu \u00e0 franges color\u00e9es- chaud- doux et styl\u00e9- 2\/3 ans<\/p>\n<p>&nbsp;<\/p>\n","protected":false},"featured_media":865,"comment_status":"open","ping_status":"closed","template":"","meta":[],"product_brand":[],"product_cat":[38],"product_tag":[],"class_list":{"0":"post-864","1":"product","2":"type-product","3":"status-publish","4":"has-post-thumbnail","6":"product_cat-haut-filles","8":"first","9":"instock","10":"shipping-taxable","11":"purchasable","12":"product-type-simple"},"jetpack_sharing_enabled":true,"_links":{"self":[{"href":"https:\/\/tresorsdanna.com\/index.php\/wp-json\/wp\/v2\/product\/864","targetHints":{"allow":["GET"]}}],"collection":[{"href":"https:\/\/tresorsdanna.com\/index.php\/wp-json\/wp\/v2\/product"}],"about":[{"href":"https:\/\/tresorsdanna.com\/index.php\/wp-json\/wp\/v2\/types\/product"}],"replies":[{"embeddable":true,"href":"https:\/\/tresorsdanna.com\/index.php\/wp-json\/wp\/v2\/comments?post=864"}],"wp:featuredmedia":[{"embeddable":true,"href":"https:\/\/tresorsdanna.com\/index.php\/wp-json\/wp\/v2\/media\/865"}],"wp:attachment":[{"href":"https:\/\/tresorsdanna.com\/index.php\/wp-json\/wp\/v2\/media?parent=864"}],"wp:term":[{"taxonomy":"product_brand","embeddable":true,"href":"https:\/\/tresorsdanna.com\/index.php\/wp-json\/wp\/v2\/product_brand?post=864"},{"taxonomy":"product_cat","embeddable":true,"href":"https:\/\/tresorsdanna.com\/index.php\/wp-json\/wp\/v2\/product_cat?post=864"},{"taxonomy":"product_tag","embeddable":true,"href":"https:\/\/tresorsdanna.com\/index.php\/wp-json\/wp\/v2\/product_tag?post=864"}],"curies":[{"name":"wp","href":"https:\/\/api.w.org\/{rel}","templated":true}]}}