{"id":841,"date":"2025-10-29T15:03:52","date_gmt":"2025-10-29T15:03:52","guid":{"rendered":"https:\/\/tresorsdanna.com\/?post_type=product&#038;p=841"},"modified":"2025-11-14T14:43:46","modified_gmt":"2025-11-14T14:43:46","slug":"blouson-mushi-noir-rose-argent-7ans","status":"publish","type":"product","link":"https:\/\/tresorsdanna.com\/index.php\/produit\/blouson-mushi-noir-rose-argent-7ans\/","title":{"rendered":"Blouson-MUSHI- Noir, Rose, Argent- 7ans"},"content":{"rendered":"<p>Joli blouson MUSHI noir avec bandes rose et argent \u00e0 l&rsquo;encolure, aux poignets et \u00e0 la taille. Fermeture zipp\u00e9e. L\u00e9ger et confortable. Look chic et moderne<\/p>\n<p>Composition: 100% Polyester<\/p>\n<p>Taille : 7 ans<\/p>\n","protected":false},"excerpt":{"rendered":"<p>Beau blouson sign\u00e9 MUSHI noir avec bandes roses et argent pour un look chic et tendance- 7 ans<\/p>\n","protected":false},"featured_media":842,"comment_status":"open","ping_status":"closed","template":"","meta":[],"product_brand":[],"product_cat":[36],"product_tag":[],"class_list":{"0":"post-841","1":"product","2":"type-product","3":"status-publish","4":"has-post-thumbnail","6":"product_cat-doudounes-vestes-gilets","8":"first","9":"instock","10":"shipping-taxable","11":"purchasable","12":"product-type-simple"},"jetpack_sharing_enabled":true,"_links":{"self":[{"href":"https:\/\/tresorsdanna.com\/index.php\/wp-json\/wp\/v2\/product\/841","targetHints":{"allow":["GET"]}}],"collection":[{"href":"https:\/\/tresorsdanna.com\/index.php\/wp-json\/wp\/v2\/product"}],"about":[{"href":"https:\/\/tresorsdanna.com\/index.php\/wp-json\/wp\/v2\/types\/product"}],"replies":[{"embeddable":true,"href":"https:\/\/tresorsdanna.com\/index.php\/wp-json\/wp\/v2\/comments?post=841"}],"wp:featuredmedia":[{"embeddable":true,"href":"https:\/\/tresorsdanna.com\/index.php\/wp-json\/wp\/v2\/media\/842"}],"wp:attachment":[{"href":"https:\/\/tresorsdanna.com\/index.php\/wp-json\/wp\/v2\/media?parent=841"}],"wp:term":[{"taxonomy":"product_brand","embeddable":true,"href":"https:\/\/tresorsdanna.com\/index.php\/wp-json\/wp\/v2\/product_brand?post=841"},{"taxonomy":"product_cat","embeddable":true,"href":"https:\/\/tresorsdanna.com\/index.php\/wp-json\/wp\/v2\/product_cat?post=841"},{"taxonomy":"product_tag","embeddable":true,"href":"https:\/\/tresorsdanna.com\/index.php\/wp-json\/wp\/v2\/product_tag?post=841"}],"curies":[{"name":"wp","href":"https:\/\/api.w.org\/{rel}","templated":true}]}}