{"id":831,"date":"2025-10-29T11:47:56","date_gmt":"2025-10-29T11:47:56","guid":{"rendered":"https:\/\/tresorsdanna.com\/?post_type=product&#038;p=831"},"modified":"2025-11-14T14:44:29","modified_gmt":"2025-11-14T14:44:29","slug":"veste-floriane-grise-et-blanche-a-carreaux-6-ans","status":"publish","type":"product","link":"https:\/\/tresorsdanna.com\/index.php\/produit\/veste-floriane-grise-et-blanche-a-carreaux-6-ans\/","title":{"rendered":"Veste-Floriane- Grise et Blanche \u00e0 Carreaux- 6 ans"},"content":{"rendered":"<p>Joli blouson veste- Marque Floriane \u00e0 carreaux gris et blanc. Un style chic et d\u00e9contract\u00e9. Tissu doux, r\u00e9sistant et confortable.\u00a0 Fermeture par boutons. Id\u00e9ale pour mi-saison.<\/p>\n<p>Composition: 69% Polyester 31%coton<\/p>\n<p>Taille : 6 ans<\/p>\n","protected":false},"excerpt":{"rendered":"<p>Petit blouson sign\u00e9 Floriane-\u00a0 \u00e0 carreaux gris et blanc-\u00a0 confortable pour un look chic et sport-\u00a0 \u00a0 6 ans<\/p>\n","protected":false},"featured_media":833,"comment_status":"open","ping_status":"closed","template":"","meta":[],"product_brand":[],"product_cat":[36],"product_tag":[],"class_list":{"0":"post-831","1":"product","2":"type-product","3":"status-publish","4":"has-post-thumbnail","6":"product_cat-doudounes-vestes-gilets","8":"first","9":"instock","10":"shipping-taxable","11":"purchasable","12":"product-type-simple"},"jetpack_sharing_enabled":true,"_links":{"self":[{"href":"https:\/\/tresorsdanna.com\/index.php\/wp-json\/wp\/v2\/product\/831","targetHints":{"allow":["GET"]}}],"collection":[{"href":"https:\/\/tresorsdanna.com\/index.php\/wp-json\/wp\/v2\/product"}],"about":[{"href":"https:\/\/tresorsdanna.com\/index.php\/wp-json\/wp\/v2\/types\/product"}],"replies":[{"embeddable":true,"href":"https:\/\/tresorsdanna.com\/index.php\/wp-json\/wp\/v2\/comments?post=831"}],"wp:featuredmedia":[{"embeddable":true,"href":"https:\/\/tresorsdanna.com\/index.php\/wp-json\/wp\/v2\/media\/833"}],"wp:attachment":[{"href":"https:\/\/tresorsdanna.com\/index.php\/wp-json\/wp\/v2\/media?parent=831"}],"wp:term":[{"taxonomy":"product_brand","embeddable":true,"href":"https:\/\/tresorsdanna.com\/index.php\/wp-json\/wp\/v2\/product_brand?post=831"},{"taxonomy":"product_cat","embeddable":true,"href":"https:\/\/tresorsdanna.com\/index.php\/wp-json\/wp\/v2\/product_cat?post=831"},{"taxonomy":"product_tag","embeddable":true,"href":"https:\/\/tresorsdanna.com\/index.php\/wp-json\/wp\/v2\/product_tag?post=831"}],"curies":[{"name":"wp","href":"https:\/\/api.w.org\/{rel}","templated":true}]}}