{"id":826,"date":"2025-10-29T11:45:13","date_gmt":"2025-10-29T11:45:13","guid":{"rendered":"https:\/\/tresorsdanna.com\/?post_type=product&#038;p=826"},"modified":"2025-11-14T14:44:56","modified_gmt":"2025-11-14T14:44:56","slug":"veste-3-pommes-grise-7-8-ans","status":"publish","type":"product","link":"https:\/\/tresorsdanna.com\/index.php\/produit\/veste-3-pommes-grise-7-8-ans\/","title":{"rendered":"Veste- 3 Pommes &#8211; Grise-7 \/8 ans"},"content":{"rendered":"<p>Belle veste 3 Pommes grise- style \u00e9l\u00e9gant. Tissu doux, r\u00e9sistant et confortable. Id\u00e9ale pour mi-saison ou sorties habill\u00e9es. 7 \/ 8ans<\/p>\n<p>Composition: 69% Polyester 31%coton<\/p>\n","protected":false},"excerpt":{"rendered":"<p>Veste 3 Pommes -grise &#8211; \u00e9l\u00e9gante et confortable- 7 \/8 ans<\/p>\n","protected":false},"featured_media":827,"comment_status":"open","ping_status":"closed","template":"","meta":[],"product_brand":[],"product_cat":[36],"product_tag":[],"class_list":{"0":"post-826","1":"product","2":"type-product","3":"status-publish","4":"has-post-thumbnail","6":"product_cat-doudounes-vestes-gilets","8":"first","9":"instock","10":"shipping-taxable","11":"purchasable","12":"product-type-simple"},"jetpack_sharing_enabled":true,"_links":{"self":[{"href":"https:\/\/tresorsdanna.com\/index.php\/wp-json\/wp\/v2\/product\/826","targetHints":{"allow":["GET"]}}],"collection":[{"href":"https:\/\/tresorsdanna.com\/index.php\/wp-json\/wp\/v2\/product"}],"about":[{"href":"https:\/\/tresorsdanna.com\/index.php\/wp-json\/wp\/v2\/types\/product"}],"replies":[{"embeddable":true,"href":"https:\/\/tresorsdanna.com\/index.php\/wp-json\/wp\/v2\/comments?post=826"}],"wp:featuredmedia":[{"embeddable":true,"href":"https:\/\/tresorsdanna.com\/index.php\/wp-json\/wp\/v2\/media\/827"}],"wp:attachment":[{"href":"https:\/\/tresorsdanna.com\/index.php\/wp-json\/wp\/v2\/media?parent=826"}],"wp:term":[{"taxonomy":"product_brand","embeddable":true,"href":"https:\/\/tresorsdanna.com\/index.php\/wp-json\/wp\/v2\/product_brand?post=826"},{"taxonomy":"product_cat","embeddable":true,"href":"https:\/\/tresorsdanna.com\/index.php\/wp-json\/wp\/v2\/product_cat?post=826"},{"taxonomy":"product_tag","embeddable":true,"href":"https:\/\/tresorsdanna.com\/index.php\/wp-json\/wp\/v2\/product_tag?post=826"}],"curies":[{"name":"wp","href":"https:\/\/api.w.org\/{rel}","templated":true}]}}