{"id":816,"date":"2025-10-29T08:12:52","date_gmt":"2025-10-29T08:12:52","guid":{"rendered":"https:\/\/tresorsdanna.com\/?post_type=product&#038;p=816"},"modified":"2025-11-14T14:45:37","modified_gmt":"2025-11-14T14:45:37","slug":"combinaison-bebe-sergent-major-marine-a-fleurs-3-mois","status":"publish","type":"product","link":"https:\/\/tresorsdanna.com\/index.php\/produit\/combinaison-bebe-sergent-major-marine-a-fleurs-3-mois\/","title":{"rendered":"Combinaison-B\u00e9b\u00e9- Sergent Major- Marine \u00e0 Fleurs- 3 mois"},"content":{"rendered":"<p>Combinaison b\u00e9b\u00e9 Sergent Major bleu marine \u00e0 jolis motifs fleuris. Doublure int\u00e9rieure en fourrure blanche toute douce . Fermeture zipp\u00e9e pratique sur le devant. Capuches et moufles pour bien prot\u00e9ger b\u00e9b\u00e9s lors des sorties.<\/p>\n<p>Composition ext\u00e9rieure: 91% Polyester; 9% polyamide<\/p>\n<p>Doublure: Fourrure synth\u00e9tique 100% polyester.<\/p>\n<p>Taille: 3 mois<\/p>\n","protected":false},"excerpt":{"rendered":"<p>Combinaison b\u00e9b\u00e9 sign\u00e9e Sergent Major. Fond bleu nuit &#8211; jolis motifs fleuris- doubl\u00e9e fourrure- 3 mois<\/p>\n","protected":false},"featured_media":817,"comment_status":"open","ping_status":"closed","template":"","meta":[],"product_brand":[],"product_cat":[36],"product_tag":[],"class_list":{"0":"post-816","1":"product","2":"type-product","3":"status-publish","4":"has-post-thumbnail","6":"product_cat-doudounes-vestes-gilets","8":"first","9":"instock","10":"shipping-taxable","11":"purchasable","12":"product-type-simple"},"jetpack_sharing_enabled":true,"_links":{"self":[{"href":"https:\/\/tresorsdanna.com\/index.php\/wp-json\/wp\/v2\/product\/816","targetHints":{"allow":["GET"]}}],"collection":[{"href":"https:\/\/tresorsdanna.com\/index.php\/wp-json\/wp\/v2\/product"}],"about":[{"href":"https:\/\/tresorsdanna.com\/index.php\/wp-json\/wp\/v2\/types\/product"}],"replies":[{"embeddable":true,"href":"https:\/\/tresorsdanna.com\/index.php\/wp-json\/wp\/v2\/comments?post=816"}],"wp:featuredmedia":[{"embeddable":true,"href":"https:\/\/tresorsdanna.com\/index.php\/wp-json\/wp\/v2\/media\/817"}],"wp:attachment":[{"href":"https:\/\/tresorsdanna.com\/index.php\/wp-json\/wp\/v2\/media?parent=816"}],"wp:term":[{"taxonomy":"product_brand","embeddable":true,"href":"https:\/\/tresorsdanna.com\/index.php\/wp-json\/wp\/v2\/product_brand?post=816"},{"taxonomy":"product_cat","embeddable":true,"href":"https:\/\/tresorsdanna.com\/index.php\/wp-json\/wp\/v2\/product_cat?post=816"},{"taxonomy":"product_tag","embeddable":true,"href":"https:\/\/tresorsdanna.com\/index.php\/wp-json\/wp\/v2\/product_tag?post=816"}],"curies":[{"name":"wp","href":"https:\/\/api.w.org\/{rel}","templated":true}]}}