{"id":805,"date":"2025-10-28T20:49:46","date_gmt":"2025-10-28T20:49:46","guid":{"rendered":"https:\/\/tresorsdanna.com\/?post_type=product&#038;p=805"},"modified":"2025-10-28T21:04:22","modified_gmt":"2025-10-28T21:04:22","slug":"pantalon-fille-floriane-style-fuseau-8-ans","status":"publish","type":"product","link":"https:\/\/tresorsdanna.com\/index.php\/produit\/pantalon-fille-floriane-style-fuseau-8-ans\/","title":{"rendered":"Pantalon-Fille-Floriane- style Fuseau- 8 ans"},"content":{"rendered":"<p>Pantalon Floriane coupe fuseau \u00e9l\u00e9gant et confortable. Tissu souple et l\u00e9g\u00e8rement stretch pour une belle tenue. Poches avant et arri\u00e8re. Finitions soign\u00e9es. Id\u00e9al pour un look sport et d\u00e9contract\u00e9.<\/p>\n<p>Composition: 63%\u00a0 polyamide; 33% coton; 4% \u00e9lasthanne<\/p>\n<p>Taille: 8 ans<\/p>\n","protected":false},"excerpt":{"rendered":"<p>Pantalon filles &#8211; Floriane-gris perle &#8211; style fuseau &#8211; doux et \u00e9l\u00e9gant &#8211; 8 ans<\/p>\n","protected":false},"featured_media":806,"comment_status":"open","ping_status":"closed","template":"","meta":[],"product_brand":[],"product_cat":[29],"product_tag":[],"class_list":{"0":"post-805","1":"product","2":"type-product","3":"status-publish","4":"has-post-thumbnail","6":"product_cat-pantalons-filles","8":"first","9":"instock","10":"shipping-taxable","11":"purchasable","12":"product-type-simple"},"jetpack_sharing_enabled":true,"_links":{"self":[{"href":"https:\/\/tresorsdanna.com\/index.php\/wp-json\/wp\/v2\/product\/805","targetHints":{"allow":["GET"]}}],"collection":[{"href":"https:\/\/tresorsdanna.com\/index.php\/wp-json\/wp\/v2\/product"}],"about":[{"href":"https:\/\/tresorsdanna.com\/index.php\/wp-json\/wp\/v2\/types\/product"}],"replies":[{"embeddable":true,"href":"https:\/\/tresorsdanna.com\/index.php\/wp-json\/wp\/v2\/comments?post=805"}],"wp:featuredmedia":[{"embeddable":true,"href":"https:\/\/tresorsdanna.com\/index.php\/wp-json\/wp\/v2\/media\/806"}],"wp:attachment":[{"href":"https:\/\/tresorsdanna.com\/index.php\/wp-json\/wp\/v2\/media?parent=805"}],"wp:term":[{"taxonomy":"product_brand","embeddable":true,"href":"https:\/\/tresorsdanna.com\/index.php\/wp-json\/wp\/v2\/product_brand?post=805"},{"taxonomy":"product_cat","embeddable":true,"href":"https:\/\/tresorsdanna.com\/index.php\/wp-json\/wp\/v2\/product_cat?post=805"},{"taxonomy":"product_tag","embeddable":true,"href":"https:\/\/tresorsdanna.com\/index.php\/wp-json\/wp\/v2\/product_tag?post=805"}],"curies":[{"name":"wp","href":"https:\/\/api.w.org\/{rel}","templated":true}]}}