{"id":797,"date":"2025-10-28T19:25:35","date_gmt":"2025-10-28T19:25:35","guid":{"rendered":"https:\/\/tresorsdanna.com\/?post_type=product&#038;p=797"},"modified":"2025-10-28T19:54:14","modified_gmt":"2025-10-28T19:54:14","slug":"pantalon-fille-name-it-large-fluide-gris-fonce-5-6-ans","status":"publish","type":"product","link":"https:\/\/tresorsdanna.com\/index.php\/produit\/pantalon-fille-name-it-large-fluide-gris-fonce-5-6-ans\/","title":{"rendered":"Pantalon-Fille- Name It- Large- Fluide-Gris Fonc\u00e9- 5 \/6 ans"},"content":{"rendered":"<p>Pantalon large et fluide Name It, d&rsquo;un gris fonc\u00e9 \u00e9l\u00e9gant. Tissu l\u00e9ger, souple et tr\u00e8s agr\u00e9able \u00e0 porter. Id\u00e9al pour un look chic et confortable au quotidien.\u00a0 Couple ample moderne.<\/p>\n<p>Composition: 97%\u00a0 polyester, 3% \u00e9lasthanne<\/p>\n<p>Taille 5 \/6 ans<\/p>\n","protected":false},"excerpt":{"rendered":"<p>Pantanlon large fluide &#8211; Name It- gris fonc\u00e9 &#8211; doux et confortable &#8211; 5 \/6 ans<\/p>\n","protected":false},"featured_media":798,"comment_status":"open","ping_status":"closed","template":"","meta":[],"product_brand":[],"product_cat":[29],"product_tag":[],"class_list":{"0":"post-797","1":"product","2":"type-product","3":"status-publish","4":"has-post-thumbnail","6":"product_cat-pantalons-filles","8":"first","9":"instock","10":"shipping-taxable","11":"purchasable","12":"product-type-simple"},"jetpack_sharing_enabled":true,"_links":{"self":[{"href":"https:\/\/tresorsdanna.com\/index.php\/wp-json\/wp\/v2\/product\/797","targetHints":{"allow":["GET"]}}],"collection":[{"href":"https:\/\/tresorsdanna.com\/index.php\/wp-json\/wp\/v2\/product"}],"about":[{"href":"https:\/\/tresorsdanna.com\/index.php\/wp-json\/wp\/v2\/types\/product"}],"replies":[{"embeddable":true,"href":"https:\/\/tresorsdanna.com\/index.php\/wp-json\/wp\/v2\/comments?post=797"}],"wp:featuredmedia":[{"embeddable":true,"href":"https:\/\/tresorsdanna.com\/index.php\/wp-json\/wp\/v2\/media\/798"}],"wp:attachment":[{"href":"https:\/\/tresorsdanna.com\/index.php\/wp-json\/wp\/v2\/media?parent=797"}],"wp:term":[{"taxonomy":"product_brand","embeddable":true,"href":"https:\/\/tresorsdanna.com\/index.php\/wp-json\/wp\/v2\/product_brand?post=797"},{"taxonomy":"product_cat","embeddable":true,"href":"https:\/\/tresorsdanna.com\/index.php\/wp-json\/wp\/v2\/product_cat?post=797"},{"taxonomy":"product_tag","embeddable":true,"href":"https:\/\/tresorsdanna.com\/index.php\/wp-json\/wp\/v2\/product_tag?post=797"}],"curies":[{"name":"wp","href":"https:\/\/api.w.org\/{rel}","templated":true}]}}