{"id":792,"date":"2025-10-28T17:54:45","date_gmt":"2025-10-28T17:54:45","guid":{"rendered":"https:\/\/tresorsdanna.com\/?post_type=product&#038;p=792"},"modified":"2025-10-28T19:24:56","modified_gmt":"2025-10-28T19:24:56","slug":"pantalon-garcons-original-marines-toile-marine-3-ans","status":"publish","type":"product","link":"https:\/\/tresorsdanna.com\/index.php\/produit\/pantalon-garcons-original-marines-toile-marine-3-ans\/","title":{"rendered":"Pantalon-Gar\u00e7ons- Original Marines- Toile Marine- 3 ans"},"content":{"rendered":"<p>Pantalon en toile bleu marine, confortable et pratique, sign\u00e9 Original Marines. Coupe droite, tissu doux et l\u00e9g\u00e8rement stretch pour accompagner les mouvements. Parfait pour tenues habill\u00e9es ou au quotidien.<\/p>\n<p>Composition: 98% Coton; 2% \u00e9lasthanne<\/p>\n","protected":false},"excerpt":{"rendered":"<p>Pantalon gar\u00e7ons Original Marines en toile marine- doux , confortable et l\u00e9g\u00e8rement stretch- 3 ans<\/p>\n","protected":false},"featured_media":793,"comment_status":"open","ping_status":"closed","template":"","meta":[],"product_brand":[],"product_cat":[28],"product_tag":[],"class_list":{"0":"post-792","1":"product","2":"type-product","3":"status-publish","4":"has-post-thumbnail","6":"product_cat-pantalon-garcons","8":"first","9":"instock","10":"shipping-taxable","11":"purchasable","12":"product-type-simple"},"jetpack_sharing_enabled":true,"_links":{"self":[{"href":"https:\/\/tresorsdanna.com\/index.php\/wp-json\/wp\/v2\/product\/792","targetHints":{"allow":["GET"]}}],"collection":[{"href":"https:\/\/tresorsdanna.com\/index.php\/wp-json\/wp\/v2\/product"}],"about":[{"href":"https:\/\/tresorsdanna.com\/index.php\/wp-json\/wp\/v2\/types\/product"}],"replies":[{"embeddable":true,"href":"https:\/\/tresorsdanna.com\/index.php\/wp-json\/wp\/v2\/comments?post=792"}],"wp:featuredmedia":[{"embeddable":true,"href":"https:\/\/tresorsdanna.com\/index.php\/wp-json\/wp\/v2\/media\/793"}],"wp:attachment":[{"href":"https:\/\/tresorsdanna.com\/index.php\/wp-json\/wp\/v2\/media?parent=792"}],"wp:term":[{"taxonomy":"product_brand","embeddable":true,"href":"https:\/\/tresorsdanna.com\/index.php\/wp-json\/wp\/v2\/product_brand?post=792"},{"taxonomy":"product_cat","embeddable":true,"href":"https:\/\/tresorsdanna.com\/index.php\/wp-json\/wp\/v2\/product_cat?post=792"},{"taxonomy":"product_tag","embeddable":true,"href":"https:\/\/tresorsdanna.com\/index.php\/wp-json\/wp\/v2\/product_tag?post=792"}],"curies":[{"name":"wp","href":"https:\/\/api.w.org\/{rel}","templated":true}]}}