{"id":788,"date":"2025-10-28T15:12:52","date_gmt":"2025-10-28T15:12:52","guid":{"rendered":"https:\/\/tresorsdanna.com\/?post_type=product&#038;p=788"},"modified":"2025-10-28T15:27:14","modified_gmt":"2025-10-28T15:27:14","slug":"jean-lefties-skinny-elastique-flexible-11-12-ans","status":"publish","type":"product","link":"https:\/\/tresorsdanna.com\/index.php\/produit\/jean-lefties-skinny-elastique-flexible-11-12-ans\/","title":{"rendered":"Jean &#8211; Lefties Skinny- \u00c9lastique &#8211; Flexible- 11 \/ 12 ans"},"content":{"rendered":"<p>Jean skinny Lefties con\u00e7u dans une mati\u00e8re souple et extensible pour une libert\u00e9 de mouvement. Tissu \u00e0 haute \u00e9lasticit\u00e9 offrant flexibilit\u00e9 et confort. Ajustable. Id\u00e9al pour un look moderne et d\u00e9contract\u00e9.<\/p>\n<p>Composition:62% Coton; 30% Polyester; 2% \u00e9lasthanne<\/p>\n<p>Taille : 11 \/ 12 ans ( 152 cm )<\/p>\n","protected":false},"excerpt":{"rendered":"<p>Jean Skinny Lefties,\u00a0 souple et extensible- 11 \/ 12 ans pour filles sportive<\/p>\n","protected":false},"featured_media":789,"comment_status":"open","ping_status":"closed","template":"","meta":[],"product_brand":[],"product_cat":[29],"product_tag":[],"class_list":{"0":"post-788","1":"product","2":"type-product","3":"status-publish","4":"has-post-thumbnail","6":"product_cat-pantalons-filles","8":"first","9":"instock","10":"shipping-taxable","11":"purchasable","12":"product-type-simple"},"jetpack_sharing_enabled":true,"_links":{"self":[{"href":"https:\/\/tresorsdanna.com\/index.php\/wp-json\/wp\/v2\/product\/788","targetHints":{"allow":["GET"]}}],"collection":[{"href":"https:\/\/tresorsdanna.com\/index.php\/wp-json\/wp\/v2\/product"}],"about":[{"href":"https:\/\/tresorsdanna.com\/index.php\/wp-json\/wp\/v2\/types\/product"}],"replies":[{"embeddable":true,"href":"https:\/\/tresorsdanna.com\/index.php\/wp-json\/wp\/v2\/comments?post=788"}],"wp:featuredmedia":[{"embeddable":true,"href":"https:\/\/tresorsdanna.com\/index.php\/wp-json\/wp\/v2\/media\/789"}],"wp:attachment":[{"href":"https:\/\/tresorsdanna.com\/index.php\/wp-json\/wp\/v2\/media?parent=788"}],"wp:term":[{"taxonomy":"product_brand","embeddable":true,"href":"https:\/\/tresorsdanna.com\/index.php\/wp-json\/wp\/v2\/product_brand?post=788"},{"taxonomy":"product_cat","embeddable":true,"href":"https:\/\/tresorsdanna.com\/index.php\/wp-json\/wp\/v2\/product_cat?post=788"},{"taxonomy":"product_tag","embeddable":true,"href":"https:\/\/tresorsdanna.com\/index.php\/wp-json\/wp\/v2\/product_tag?post=788"}],"curies":[{"name":"wp","href":"https:\/\/api.w.org\/{rel}","templated":true}]}}