{"id":784,"date":"2025-10-28T14:47:12","date_gmt":"2025-10-28T14:47:12","guid":{"rendered":"https:\/\/tresorsdanna.com\/?post_type=product&#038;p=784"},"modified":"2025-10-28T15:12:24","modified_gmt":"2025-10-28T15:12:24","slug":"jean-ikks-denim-blanc-slim-taille-22","status":"publish","type":"product","link":"https:\/\/tresorsdanna.com\/index.php\/produit\/jean-ikks-denim-blanc-slim-taille-22\/","title":{"rendered":"Jean &#8211; IKKS- Denim- Blanc- Slim- Taille 22"},"content":{"rendered":"<p>Jean slim en denim blanc; chic et d\u00e9contract\u00e9. Taille ajustable pour un confort parfait. Mati\u00e8re douce et r\u00e9sistante. Id\u00e9al pour un look \u00e9l\u00e9gant au quotidien<\/p>\n<p>Taille : 22 ( taille am\u00e9ricaine; \u00e9quivalent environ 6 \/ 7 ans )<\/p>\n","protected":false},"excerpt":{"rendered":"<p>Jean IKKS slim en denim blanc &#8211;\u00a0 Taille ajustable- coupe moderne- 11\/ 12 ans ( 152 cm )<\/p>\n","protected":false},"featured_media":785,"comment_status":"open","ping_status":"closed","template":"","meta":[],"product_brand":[],"product_cat":[29],"product_tag":[],"class_list":{"0":"post-784","1":"product","2":"type-product","3":"status-publish","4":"has-post-thumbnail","6":"product_cat-pantalons-filles","8":"first","9":"instock","10":"shipping-taxable","11":"purchasable","12":"product-type-simple"},"jetpack_sharing_enabled":true,"_links":{"self":[{"href":"https:\/\/tresorsdanna.com\/index.php\/wp-json\/wp\/v2\/product\/784","targetHints":{"allow":["GET"]}}],"collection":[{"href":"https:\/\/tresorsdanna.com\/index.php\/wp-json\/wp\/v2\/product"}],"about":[{"href":"https:\/\/tresorsdanna.com\/index.php\/wp-json\/wp\/v2\/types\/product"}],"replies":[{"embeddable":true,"href":"https:\/\/tresorsdanna.com\/index.php\/wp-json\/wp\/v2\/comments?post=784"}],"wp:featuredmedia":[{"embeddable":true,"href":"https:\/\/tresorsdanna.com\/index.php\/wp-json\/wp\/v2\/media\/785"}],"wp:attachment":[{"href":"https:\/\/tresorsdanna.com\/index.php\/wp-json\/wp\/v2\/media?parent=784"}],"wp:term":[{"taxonomy":"product_brand","embeddable":true,"href":"https:\/\/tresorsdanna.com\/index.php\/wp-json\/wp\/v2\/product_brand?post=784"},{"taxonomy":"product_cat","embeddable":true,"href":"https:\/\/tresorsdanna.com\/index.php\/wp-json\/wp\/v2\/product_cat?post=784"},{"taxonomy":"product_tag","embeddable":true,"href":"https:\/\/tresorsdanna.com\/index.php\/wp-json\/wp\/v2\/product_tag?post=784"}],"curies":[{"name":"wp","href":"https:\/\/api.w.org\/{rel}","templated":true}]}}