{"id":773,"date":"2025-10-28T09:09:59","date_gmt":"2025-10-28T09:09:59","guid":{"rendered":"https:\/\/tresorsdanna.com\/?post_type=product&#038;p=773"},"modified":"2025-10-28T09:44:01","modified_gmt":"2025-10-28T09:44:01","slug":"jean-neck-neck-marron-6-7-ans","status":"publish","type":"product","link":"https:\/\/tresorsdanna.com\/index.php\/produit\/jean-neck-neck-marron-6-7-ans\/","title":{"rendered":"Jean- Neck &#038; Neck-Marron-6 \/ 7 ans"},"content":{"rendered":"<p>Jean Neck&amp; Neck marron en velours de coton.\u00a0 Coupe droite, offrant un look soign\u00e9 et d\u00e9contract\u00e9. Tissu doux, l\u00e9g\u00e8rement extensible pour un grand confort.<\/p>\n<p>Composition: 98% coton; 2% \u00e9lasthanne<\/p>\n","protected":false},"excerpt":{"rendered":"<p>Pantalon Neck &amp; Neck marron en velours de coton.\u00a0 Coupe droite soign\u00e9e. \u00e9l\u00e9gant et confortable 6\/7ans.<\/p>\n","protected":false},"featured_media":774,"comment_status":"open","ping_status":"closed","template":"","meta":[],"product_brand":[],"product_cat":[28],"product_tag":[],"class_list":{"0":"post-773","1":"product","2":"type-product","3":"status-publish","4":"has-post-thumbnail","6":"product_cat-pantalon-garcons","8":"first","9":"instock","10":"shipping-taxable","11":"purchasable","12":"product-type-simple"},"jetpack_sharing_enabled":true,"_links":{"self":[{"href":"https:\/\/tresorsdanna.com\/index.php\/wp-json\/wp\/v2\/product\/773","targetHints":{"allow":["GET"]}}],"collection":[{"href":"https:\/\/tresorsdanna.com\/index.php\/wp-json\/wp\/v2\/product"}],"about":[{"href":"https:\/\/tresorsdanna.com\/index.php\/wp-json\/wp\/v2\/types\/product"}],"replies":[{"embeddable":true,"href":"https:\/\/tresorsdanna.com\/index.php\/wp-json\/wp\/v2\/comments?post=773"}],"wp:featuredmedia":[{"embeddable":true,"href":"https:\/\/tresorsdanna.com\/index.php\/wp-json\/wp\/v2\/media\/774"}],"wp:attachment":[{"href":"https:\/\/tresorsdanna.com\/index.php\/wp-json\/wp\/v2\/media?parent=773"}],"wp:term":[{"taxonomy":"product_brand","embeddable":true,"href":"https:\/\/tresorsdanna.com\/index.php\/wp-json\/wp\/v2\/product_brand?post=773"},{"taxonomy":"product_cat","embeddable":true,"href":"https:\/\/tresorsdanna.com\/index.php\/wp-json\/wp\/v2\/product_cat?post=773"},{"taxonomy":"product_tag","embeddable":true,"href":"https:\/\/tresorsdanna.com\/index.php\/wp-json\/wp\/v2\/product_tag?post=773"}],"curies":[{"name":"wp","href":"https:\/\/api.w.org\/{rel}","templated":true}]}}