{"id":760,"date":"2025-10-28T06:54:19","date_gmt":"2025-10-28T06:54:19","guid":{"rendered":"https:\/\/tresorsdanna.com\/?post_type=product&#038;p=760"},"modified":"2025-10-28T07:19:38","modified_gmt":"2025-10-28T07:19:38","slug":"jean-miniman-bleu-4-ans","status":"publish","type":"product","link":"https:\/\/tresorsdanna.com\/index.php\/produit\/jean-miniman-bleu-4-ans\/","title":{"rendered":"Jean-Miniman-bleu- 4 ans"},"content":{"rendered":"<p>Jean souple et confortable, id\u00e9al pour le quotidien. Coupe droite avec tissu l\u00e9g\u00e8rement extensible pour accompagner les mouvements de l&rsquo;enfant.<\/p>\n<p>Composition: 74% coton, 24% polyester, 2% \u00e9lasthanne.<\/p>\n","protected":false},"excerpt":{"rendered":"<p>Jean Miniman doux et confortable, parfait pour le quotidien des tout-petits. 4 ans<\/p>\n","protected":false},"featured_media":761,"comment_status":"open","ping_status":"closed","template":"","meta":[],"product_brand":[],"product_cat":[29],"product_tag":[],"class_list":{"0":"post-760","1":"product","2":"type-product","3":"status-publish","4":"has-post-thumbnail","6":"product_cat-pantalons-filles","8":"first","9":"instock","10":"shipping-taxable","11":"purchasable","12":"product-type-simple"},"jetpack_sharing_enabled":true,"_links":{"self":[{"href":"https:\/\/tresorsdanna.com\/index.php\/wp-json\/wp\/v2\/product\/760","targetHints":{"allow":["GET"]}}],"collection":[{"href":"https:\/\/tresorsdanna.com\/index.php\/wp-json\/wp\/v2\/product"}],"about":[{"href":"https:\/\/tresorsdanna.com\/index.php\/wp-json\/wp\/v2\/types\/product"}],"replies":[{"embeddable":true,"href":"https:\/\/tresorsdanna.com\/index.php\/wp-json\/wp\/v2\/comments?post=760"}],"wp:featuredmedia":[{"embeddable":true,"href":"https:\/\/tresorsdanna.com\/index.php\/wp-json\/wp\/v2\/media\/761"}],"wp:attachment":[{"href":"https:\/\/tresorsdanna.com\/index.php\/wp-json\/wp\/v2\/media?parent=760"}],"wp:term":[{"taxonomy":"product_brand","embeddable":true,"href":"https:\/\/tresorsdanna.com\/index.php\/wp-json\/wp\/v2\/product_brand?post=760"},{"taxonomy":"product_cat","embeddable":true,"href":"https:\/\/tresorsdanna.com\/index.php\/wp-json\/wp\/v2\/product_cat?post=760"},{"taxonomy":"product_tag","embeddable":true,"href":"https:\/\/tresorsdanna.com\/index.php\/wp-json\/wp\/v2\/product_tag?post=760"}],"curies":[{"name":"wp","href":"https:\/\/api.w.org\/{rel}","templated":true}]}}