{"id":747,"date":"2025-10-27T20:55:09","date_gmt":"2025-10-27T20:55:09","guid":{"rendered":"https:\/\/tresorsdanna.com\/?post_type=product&#038;p=747"},"modified":"2025-10-27T20:55:39","modified_gmt":"2025-10-27T20:55:39","slug":"jean-floriane-noir-avec-rose-sur-cote-12-ans","status":"publish","type":"product","link":"https:\/\/tresorsdanna.com\/index.php\/produit\/jean-floriane-noir-avec-rose-sur-cote-12-ans\/","title":{"rendered":"Jean- Floriane- Noir avec Rose sur c\u00f4t\u00e9- 12 ans"},"content":{"rendered":"<p>Jean noir avec une jolie rose brod\u00e9e sur le c\u00f4t\u00e9 avant. Coupe ajust\u00e9e et confortable. Tissu doux et l\u00e9g\u00e8rement extensible pour un bon maintien.<\/p>\n<p>Composition: 98% coton, 2% \u00e9lasthanne<\/p>\n","protected":false},"excerpt":{"rendered":"<p>Jean noir \u00e9l\u00e9gant avec une touche fleurie sur le c\u00f4t\u00e9 \u00e0 la fois tendance et confortable-12 ans<\/p>\n","protected":false},"featured_media":748,"comment_status":"open","ping_status":"closed","template":"","meta":[],"product_brand":[],"product_cat":[29],"product_tag":[],"class_list":{"0":"post-747","1":"product","2":"type-product","3":"status-publish","4":"has-post-thumbnail","6":"product_cat-pantalons-filles","8":"first","9":"instock","10":"shipping-taxable","11":"purchasable","12":"product-type-simple"},"jetpack_sharing_enabled":true,"_links":{"self":[{"href":"https:\/\/tresorsdanna.com\/index.php\/wp-json\/wp\/v2\/product\/747","targetHints":{"allow":["GET"]}}],"collection":[{"href":"https:\/\/tresorsdanna.com\/index.php\/wp-json\/wp\/v2\/product"}],"about":[{"href":"https:\/\/tresorsdanna.com\/index.php\/wp-json\/wp\/v2\/types\/product"}],"replies":[{"embeddable":true,"href":"https:\/\/tresorsdanna.com\/index.php\/wp-json\/wp\/v2\/comments?post=747"}],"wp:featuredmedia":[{"embeddable":true,"href":"https:\/\/tresorsdanna.com\/index.php\/wp-json\/wp\/v2\/media\/748"}],"wp:attachment":[{"href":"https:\/\/tresorsdanna.com\/index.php\/wp-json\/wp\/v2\/media?parent=747"}],"wp:term":[{"taxonomy":"product_brand","embeddable":true,"href":"https:\/\/tresorsdanna.com\/index.php\/wp-json\/wp\/v2\/product_brand?post=747"},{"taxonomy":"product_cat","embeddable":true,"href":"https:\/\/tresorsdanna.com\/index.php\/wp-json\/wp\/v2\/product_cat?post=747"},{"taxonomy":"product_tag","embeddable":true,"href":"https:\/\/tresorsdanna.com\/index.php\/wp-json\/wp\/v2\/product_tag?post=747"}],"curies":[{"name":"wp","href":"https:\/\/api.w.org\/{rel}","templated":true}]}}