{"id":743,"date":"2025-10-27T17:58:54","date_gmt":"2025-10-27T17:58:54","guid":{"rendered":"https:\/\/tresorsdanna.com\/?post_type=product&#038;p=743"},"modified":"2025-11-14T14:46:41","modified_gmt":"2025-11-14T14:46:41","slug":"doudoune-catimini-fushia-doublure-a-pois-9-mois","status":"publish","type":"product","link":"https:\/\/tresorsdanna.com\/index.php\/produit\/doudoune-catimini-fushia-doublure-a-pois-9-mois\/","title":{"rendered":"Doudoune-Catimini fushia doublure \u00e0 Pois-9 mois"},"content":{"rendered":"<p>Douce et bien chaude, cette doudoune allie confort, et style. Sa couleur fushia\u00a0 contraste joliment avec la doublure marine \u00e0 pois blancs, tout en coton. Des mitaines pour tenir les mains de b\u00e9b\u00e9s bien au chaud. L\u00e9g\u00e8re et confortable, elle constitue une belle cr\u00e9ation de Catimini.<\/p>\n","protected":false},"excerpt":{"rendered":"<p>Une pi\u00e8ce chic et originale sign\u00e9e Catimini, parfaite pour garder b\u00e9b\u00e9 au chaud tout l&rsquo;hiver- 9 mois<\/p>\n","protected":false},"featured_media":813,"comment_status":"open","ping_status":"closed","template":"","meta":[],"product_brand":[],"product_cat":[36],"product_tag":[],"class_list":{"0":"post-743","1":"product","2":"type-product","3":"status-publish","4":"has-post-thumbnail","6":"product_cat-doudounes-vestes-gilets","8":"first","9":"instock","10":"shipping-taxable","11":"purchasable","12":"product-type-simple"},"jetpack_sharing_enabled":true,"_links":{"self":[{"href":"https:\/\/tresorsdanna.com\/index.php\/wp-json\/wp\/v2\/product\/743","targetHints":{"allow":["GET"]}}],"collection":[{"href":"https:\/\/tresorsdanna.com\/index.php\/wp-json\/wp\/v2\/product"}],"about":[{"href":"https:\/\/tresorsdanna.com\/index.php\/wp-json\/wp\/v2\/types\/product"}],"replies":[{"embeddable":true,"href":"https:\/\/tresorsdanna.com\/index.php\/wp-json\/wp\/v2\/comments?post=743"}],"wp:featuredmedia":[{"embeddable":true,"href":"https:\/\/tresorsdanna.com\/index.php\/wp-json\/wp\/v2\/media\/813"}],"wp:attachment":[{"href":"https:\/\/tresorsdanna.com\/index.php\/wp-json\/wp\/v2\/media?parent=743"}],"wp:term":[{"taxonomy":"product_brand","embeddable":true,"href":"https:\/\/tresorsdanna.com\/index.php\/wp-json\/wp\/v2\/product_brand?post=743"},{"taxonomy":"product_cat","embeddable":true,"href":"https:\/\/tresorsdanna.com\/index.php\/wp-json\/wp\/v2\/product_cat?post=743"},{"taxonomy":"product_tag","embeddable":true,"href":"https:\/\/tresorsdanna.com\/index.php\/wp-json\/wp\/v2\/product_tag?post=743"}],"curies":[{"name":"wp","href":"https:\/\/api.w.org\/{rel}","templated":true}]}}