{"id":722,"date":"2025-10-27T14:38:45","date_gmt":"2025-10-27T14:38:45","guid":{"rendered":"https:\/\/tresorsdanna.com\/?post_type=product&#038;p=722"},"modified":"2025-11-14T14:48:01","modified_gmt":"2025-11-14T14:48:01","slug":"doudoune-3-pommes-bicolore-12mois","status":"publish","type":"product","link":"https:\/\/tresorsdanna.com\/index.php\/produit\/doudoune-3-pommes-bicolore-12mois\/","title":{"rendered":"Doudoune Catimini noire et blanche-Int\u00e9rieur Fushia- 12mois"},"content":{"rendered":"<p>Superbe doudoune Catimini ( marque de qualit\u00e9 ) au style graphique et raffin\u00e9. L\u2019ext\u00e9rieur noir et blanc contraste joliment avec l&rsquo;int\u00e9rieur fushia. Mitaines assorties noir et blanc. Chaude, confortable et l\u00e9g\u00e8re, elle est id\u00e9ale pour l&rsquo;hiver au chaud.\u00a0 12 mois<\/p>\n","protected":false},"excerpt":{"rendered":"<p>Une pi\u00e8ce chic et originale sign\u00e9e Catimini, parfaite pour garder b\u00e9b\u00e9 bien au chaud avec style- 12 mois<\/p>\n","protected":false},"featured_media":727,"comment_status":"open","ping_status":"closed","template":"","meta":[],"product_brand":[],"product_cat":[36],"product_tag":[],"class_list":{"0":"post-722","1":"product","2":"type-product","3":"status-publish","4":"has-post-thumbnail","6":"product_cat-doudounes-vestes-gilets","8":"first","9":"instock","10":"shipping-taxable","11":"purchasable","12":"product-type-simple"},"jetpack_sharing_enabled":true,"_links":{"self":[{"href":"https:\/\/tresorsdanna.com\/index.php\/wp-json\/wp\/v2\/product\/722","targetHints":{"allow":["GET"]}}],"collection":[{"href":"https:\/\/tresorsdanna.com\/index.php\/wp-json\/wp\/v2\/product"}],"about":[{"href":"https:\/\/tresorsdanna.com\/index.php\/wp-json\/wp\/v2\/types\/product"}],"replies":[{"embeddable":true,"href":"https:\/\/tresorsdanna.com\/index.php\/wp-json\/wp\/v2\/comments?post=722"}],"wp:featuredmedia":[{"embeddable":true,"href":"https:\/\/tresorsdanna.com\/index.php\/wp-json\/wp\/v2\/media\/727"}],"wp:attachment":[{"href":"https:\/\/tresorsdanna.com\/index.php\/wp-json\/wp\/v2\/media?parent=722"}],"wp:term":[{"taxonomy":"product_brand","embeddable":true,"href":"https:\/\/tresorsdanna.com\/index.php\/wp-json\/wp\/v2\/product_brand?post=722"},{"taxonomy":"product_cat","embeddable":true,"href":"https:\/\/tresorsdanna.com\/index.php\/wp-json\/wp\/v2\/product_cat?post=722"},{"taxonomy":"product_tag","embeddable":true,"href":"https:\/\/tresorsdanna.com\/index.php\/wp-json\/wp\/v2\/product_tag?post=722"}],"curies":[{"name":"wp","href":"https:\/\/api.w.org\/{rel}","templated":true}]}}