{"id":721,"date":"2025-10-27T13:20:07","date_gmt":"2025-10-27T13:20:07","guid":{"rendered":"https:\/\/tresorsdanna.com\/?post_type=product&#038;p=721"},"modified":"2025-11-14T14:48:19","modified_gmt":"2025-11-14T14:48:19","slug":"veste-obaibi-marine-18-mois","status":"publish","type":"product","link":"https:\/\/tresorsdanna.com\/index.php\/produit\/veste-obaibi-marine-18-mois\/","title":{"rendered":"Veste-Obaibi-Marine- 18 mois"},"content":{"rendered":"<p>Petite veste\u00a0 douce et \u00e9l\u00e9gante. Parfaite pour la mi-saison . Coloris marine avec petites poches plaqu\u00e9es sur le devant . Coupe classique et confortable; id\u00e9ale\u00a0 pour un look habill\u00e9.<\/p>\n<p>Composition: 100% Coton<\/p>\n","protected":false},"excerpt":{"rendered":"<p>Un petit coup de c\u0153ur pour cette jolie petite veste \u00e0 assortir facilement pour un look soign\u00e9 ou d\u00e9contract\u00e9. 18 mois<\/p>\n","protected":false},"featured_media":741,"comment_status":"open","ping_status":"closed","template":"","meta":[],"product_brand":[],"product_cat":[36],"product_tag":[],"class_list":{"0":"post-721","1":"product","2":"type-product","3":"status-publish","4":"has-post-thumbnail","6":"product_cat-doudounes-vestes-gilets","8":"first","9":"instock","10":"shipping-taxable","11":"purchasable","12":"product-type-simple"},"jetpack_sharing_enabled":true,"_links":{"self":[{"href":"https:\/\/tresorsdanna.com\/index.php\/wp-json\/wp\/v2\/product\/721","targetHints":{"allow":["GET"]}}],"collection":[{"href":"https:\/\/tresorsdanna.com\/index.php\/wp-json\/wp\/v2\/product"}],"about":[{"href":"https:\/\/tresorsdanna.com\/index.php\/wp-json\/wp\/v2\/types\/product"}],"replies":[{"embeddable":true,"href":"https:\/\/tresorsdanna.com\/index.php\/wp-json\/wp\/v2\/comments?post=721"}],"wp:featuredmedia":[{"embeddable":true,"href":"https:\/\/tresorsdanna.com\/index.php\/wp-json\/wp\/v2\/media\/741"}],"wp:attachment":[{"href":"https:\/\/tresorsdanna.com\/index.php\/wp-json\/wp\/v2\/media?parent=721"}],"wp:term":[{"taxonomy":"product_brand","embeddable":true,"href":"https:\/\/tresorsdanna.com\/index.php\/wp-json\/wp\/v2\/product_brand?post=721"},{"taxonomy":"product_cat","embeddable":true,"href":"https:\/\/tresorsdanna.com\/index.php\/wp-json\/wp\/v2\/product_cat?post=721"},{"taxonomy":"product_tag","embeddable":true,"href":"https:\/\/tresorsdanna.com\/index.php\/wp-json\/wp\/v2\/product_tag?post=721"}],"curies":[{"name":"wp","href":"https:\/\/api.w.org\/{rel}","templated":true}]}}