{"id":718,"date":"2025-10-27T11:24:55","date_gmt":"2025-10-27T11:24:55","guid":{"rendered":"https:\/\/tresorsdanna.com\/?post_type=product&#038;p=718"},"modified":"2025-11-14T14:48:43","modified_gmt":"2025-11-14T14:48:43","slug":"veste-jean-bourget-marine-1an","status":"publish","type":"product","link":"https:\/\/tresorsdanna.com\/index.php\/produit\/veste-jean-bourget-marine-1an\/","title":{"rendered":"Veste- Jean Bourget- Marine- 1an"},"content":{"rendered":"<p>Petite veste\u00a0 douce et \u00e9l\u00e9gante. Parfaite pour la mi-saison . Coloris marine avec petites poches plaqu\u00e9es lat\u00e9rales . Coupe classique et soign\u00e9e id\u00e9ale\u00a0 pour un look habill\u00e9.<\/p>\n<p>Composition: 35% coton,35% viscose, 15% laine, 15% Polyamide<\/p>\n","protected":false},"excerpt":{"rendered":"<p>Un petit coup de c\u0153ur pour ce mod\u00e8le doux et confortable. Finitions de qualit\u00e9 sign\u00e9es Jean Bourget- 1an<\/p>\n","protected":false},"featured_media":719,"comment_status":"open","ping_status":"closed","template":"","meta":[],"product_brand":[],"product_cat":[36],"product_tag":[],"class_list":{"0":"post-718","1":"product","2":"type-product","3":"status-publish","4":"has-post-thumbnail","6":"product_cat-doudounes-vestes-gilets","8":"first","9":"instock","10":"shipping-taxable","11":"purchasable","12":"product-type-simple"},"jetpack_sharing_enabled":true,"_links":{"self":[{"href":"https:\/\/tresorsdanna.com\/index.php\/wp-json\/wp\/v2\/product\/718","targetHints":{"allow":["GET"]}}],"collection":[{"href":"https:\/\/tresorsdanna.com\/index.php\/wp-json\/wp\/v2\/product"}],"about":[{"href":"https:\/\/tresorsdanna.com\/index.php\/wp-json\/wp\/v2\/types\/product"}],"replies":[{"embeddable":true,"href":"https:\/\/tresorsdanna.com\/index.php\/wp-json\/wp\/v2\/comments?post=718"}],"wp:featuredmedia":[{"embeddable":true,"href":"https:\/\/tresorsdanna.com\/index.php\/wp-json\/wp\/v2\/media\/719"}],"wp:attachment":[{"href":"https:\/\/tresorsdanna.com\/index.php\/wp-json\/wp\/v2\/media?parent=718"}],"wp:term":[{"taxonomy":"product_brand","embeddable":true,"href":"https:\/\/tresorsdanna.com\/index.php\/wp-json\/wp\/v2\/product_brand?post=718"},{"taxonomy":"product_cat","embeddable":true,"href":"https:\/\/tresorsdanna.com\/index.php\/wp-json\/wp\/v2\/product_cat?post=718"},{"taxonomy":"product_tag","embeddable":true,"href":"https:\/\/tresorsdanna.com\/index.php\/wp-json\/wp\/v2\/product_tag?post=718"}],"curies":[{"name":"wp","href":"https:\/\/api.w.org\/{rel}","templated":true}]}}