{"id":714,"date":"2025-10-27T10:44:02","date_gmt":"2025-10-27T10:44:02","guid":{"rendered":"https:\/\/tresorsdanna.com\/?post_type=product&#038;p=714"},"modified":"2025-11-14T14:49:05","modified_gmt":"2025-11-14T14:49:05","slug":"veste-catimini-jaune-fourree-6mois","status":"publish","type":"product","link":"https:\/\/tresorsdanna.com\/index.php\/produit\/veste-catimini-jaune-fourree-6mois\/","title":{"rendered":"Veste-Catimini jaune fourr\u00e9e- 6mois"},"content":{"rendered":"<p>Petite veste Catimini douce et chaude. Parfaite pour la mi-saison et l&rsquo;hiver. Coloris jaune lumineux avec poches lat\u00e9rales et une petite t\u00eate d&rsquo;ourson sur le cot\u00e9. Doublure douce et chaude effet fourrure pour un confort maximal.<\/p>\n<p>Composition: Ext\u00e9rieur 100% coton; doublure et fourrure 100% polyester<\/p>\n","protected":false},"excerpt":{"rendered":"<p>Un mod\u00e8le chaud et moelleux id\u00e9al pour la mi-saison ou l&rsquo;hiver. Coloris jaune lumineux. Finition soign\u00e9e typique de la marque Catimini<\/p>\n","protected":false},"featured_media":715,"comment_status":"open","ping_status":"closed","template":"","meta":[],"product_brand":[],"product_cat":[36],"product_tag":[],"class_list":{"0":"post-714","1":"product","2":"type-product","3":"status-publish","4":"has-post-thumbnail","6":"product_cat-doudounes-vestes-gilets","8":"first","9":"instock","10":"shipping-taxable","11":"purchasable","12":"product-type-simple"},"jetpack_sharing_enabled":true,"_links":{"self":[{"href":"https:\/\/tresorsdanna.com\/index.php\/wp-json\/wp\/v2\/product\/714","targetHints":{"allow":["GET"]}}],"collection":[{"href":"https:\/\/tresorsdanna.com\/index.php\/wp-json\/wp\/v2\/product"}],"about":[{"href":"https:\/\/tresorsdanna.com\/index.php\/wp-json\/wp\/v2\/types\/product"}],"replies":[{"embeddable":true,"href":"https:\/\/tresorsdanna.com\/index.php\/wp-json\/wp\/v2\/comments?post=714"}],"wp:featuredmedia":[{"embeddable":true,"href":"https:\/\/tresorsdanna.com\/index.php\/wp-json\/wp\/v2\/media\/715"}],"wp:attachment":[{"href":"https:\/\/tresorsdanna.com\/index.php\/wp-json\/wp\/v2\/media?parent=714"}],"wp:term":[{"taxonomy":"product_brand","embeddable":true,"href":"https:\/\/tresorsdanna.com\/index.php\/wp-json\/wp\/v2\/product_brand?post=714"},{"taxonomy":"product_cat","embeddable":true,"href":"https:\/\/tresorsdanna.com\/index.php\/wp-json\/wp\/v2\/product_cat?post=714"},{"taxonomy":"product_tag","embeddable":true,"href":"https:\/\/tresorsdanna.com\/index.php\/wp-json\/wp\/v2\/product_tag?post=714"}],"curies":[{"name":"wp","href":"https:\/\/api.w.org\/{rel}","templated":true}]}}