{"id":708,"date":"2025-10-26T21:03:29","date_gmt":"2025-10-26T21:03:29","guid":{"rendered":"https:\/\/tresorsdanna.com\/?post_type=product&#038;p=708"},"modified":"2025-11-14T14:49:57","modified_gmt":"2025-11-14T14:49:57","slug":"t-shirt-manches-longues-15-mois-chicco-coton-blanc-et-rose","status":"publish","type":"product","link":"https:\/\/tresorsdanna.com\/index.php\/produit\/t-shirt-manches-longues-15-mois-chicco-coton-blanc-et-rose\/","title":{"rendered":"T-shirt -Manches Longues-15 mois-Chicco- Coton- Blanc et Rose"},"content":{"rendered":"<p>Joli T-shirt manches longues de\u00a0 la marque Italienne\u00a0 Chicco- coton 100% doux et respirant &#8211; coloris blanc d\u00e9cor\u00e9\u00a0 sur le devant d&rsquo;un coeur dans lequel est inscrit Little Dancer. Confortable, l\u00e9ger et facile \u00e0 porter au quotidien<\/p>\n","protected":false},"excerpt":{"rendered":"<p>Le T-shirt blanc\u00a0 et rose, doux et confortable;\u00a0 facile \u00e0 porter et \u00e0 assortir pour un look soign\u00e9\u00a0 \u00a0Chicco .<\/p>\n","protected":false},"featured_media":709,"comment_status":"open","ping_status":"closed","template":"","meta":[],"product_brand":[],"product_cat":[38],"product_tag":[],"class_list":{"0":"post-708","1":"product","2":"type-product","3":"status-publish","4":"has-post-thumbnail","6":"product_cat-haut-filles","8":"first","9":"instock","10":"shipping-taxable","11":"purchasable","12":"product-type-simple"},"jetpack_sharing_enabled":true,"_links":{"self":[{"href":"https:\/\/tresorsdanna.com\/index.php\/wp-json\/wp\/v2\/product\/708","targetHints":{"allow":["GET"]}}],"collection":[{"href":"https:\/\/tresorsdanna.com\/index.php\/wp-json\/wp\/v2\/product"}],"about":[{"href":"https:\/\/tresorsdanna.com\/index.php\/wp-json\/wp\/v2\/types\/product"}],"replies":[{"embeddable":true,"href":"https:\/\/tresorsdanna.com\/index.php\/wp-json\/wp\/v2\/comments?post=708"}],"wp:featuredmedia":[{"embeddable":true,"href":"https:\/\/tresorsdanna.com\/index.php\/wp-json\/wp\/v2\/media\/709"}],"wp:attachment":[{"href":"https:\/\/tresorsdanna.com\/index.php\/wp-json\/wp\/v2\/media?parent=708"}],"wp:term":[{"taxonomy":"product_brand","embeddable":true,"href":"https:\/\/tresorsdanna.com\/index.php\/wp-json\/wp\/v2\/product_brand?post=708"},{"taxonomy":"product_cat","embeddable":true,"href":"https:\/\/tresorsdanna.com\/index.php\/wp-json\/wp\/v2\/product_cat?post=708"},{"taxonomy":"product_tag","embeddable":true,"href":"https:\/\/tresorsdanna.com\/index.php\/wp-json\/wp\/v2\/product_tag?post=708"}],"curies":[{"name":"wp","href":"https:\/\/api.w.org\/{rel}","templated":true}]}}