{"id":696,"date":"2025-10-26T19:36:12","date_gmt":"2025-10-26T19:36:12","guid":{"rendered":"https:\/\/tresorsdanna.com\/?post_type=product&#038;p=696"},"modified":"2025-10-26T19:54:26","modified_gmt":"2025-10-26T19:54:26","slug":"body-sergent-major-9-mois-100-coton-ajoure-rose-crevette","status":"publish","type":"product","link":"https:\/\/tresorsdanna.com\/index.php\/produit\/body-sergent-major-9-mois-100-coton-ajoure-rose-crevette\/","title":{"rendered":"Body-Sergent Major &#8211; 9 Mois- 100% Coton Ajour\u00e9-Rose Crevette"},"content":{"rendered":"<p>Body Sergent Major- marque connu pour ses finitions raffin\u00e9es. En coton ajour\u00e9 doux et respirant; coloris rose crevette.<\/p>\n<p>Col brod\u00e9 d\u00e9licat, pressions au dos et \u00e0 l&rsquo;entrejambe pour un habillage facilit\u00e9<\/p>\n","protected":false},"excerpt":{"rendered":"<p>Un\u00a0 body en coton doux , un mod\u00e8le chic et confortable. Parfait pour les premiers sous-v\u00eatements de b\u00e9b\u00e9s. 9 mois<\/p>\n","protected":false},"featured_media":697,"comment_status":"open","ping_status":"closed","template":"","meta":[],"product_brand":[],"product_cat":[16],"product_tag":[],"class_list":{"0":"post-696","1":"product","2":"type-product","3":"status-publish","4":"has-post-thumbnail","6":"product_cat-non-classe","8":"first","9":"instock","10":"shipping-taxable","11":"purchasable","12":"product-type-simple"},"jetpack_sharing_enabled":true,"_links":{"self":[{"href":"https:\/\/tresorsdanna.com\/index.php\/wp-json\/wp\/v2\/product\/696","targetHints":{"allow":["GET"]}}],"collection":[{"href":"https:\/\/tresorsdanna.com\/index.php\/wp-json\/wp\/v2\/product"}],"about":[{"href":"https:\/\/tresorsdanna.com\/index.php\/wp-json\/wp\/v2\/types\/product"}],"replies":[{"embeddable":true,"href":"https:\/\/tresorsdanna.com\/index.php\/wp-json\/wp\/v2\/comments?post=696"}],"wp:featuredmedia":[{"embeddable":true,"href":"https:\/\/tresorsdanna.com\/index.php\/wp-json\/wp\/v2\/media\/697"}],"wp:attachment":[{"href":"https:\/\/tresorsdanna.com\/index.php\/wp-json\/wp\/v2\/media?parent=696"}],"wp:term":[{"taxonomy":"product_brand","embeddable":true,"href":"https:\/\/tresorsdanna.com\/index.php\/wp-json\/wp\/v2\/product_brand?post=696"},{"taxonomy":"product_cat","embeddable":true,"href":"https:\/\/tresorsdanna.com\/index.php\/wp-json\/wp\/v2\/product_cat?post=696"},{"taxonomy":"product_tag","embeddable":true,"href":"https:\/\/tresorsdanna.com\/index.php\/wp-json\/wp\/v2\/product_tag?post=696"}],"curies":[{"name":"wp","href":"https:\/\/api.w.org\/{rel}","templated":true}]}}