{"id":675,"date":"2025-10-26T10:34:47","date_gmt":"2025-10-26T10:34:47","guid":{"rendered":"https:\/\/tresorsdanna.com\/?post_type=product&#038;p=675"},"modified":"2025-11-14T14:53:27","modified_gmt":"2025-11-14T14:53:27","slug":"robe-3-pommes-en-tricot-6-9-mois-gris-doux","status":"publish","type":"product","link":"https:\/\/tresorsdanna.com\/index.php\/produit\/robe-3-pommes-en-tricot-6-9-mois-gris-doux\/","title":{"rendered":"Robe 3 Pommes en tricot- 6 \/ 9 mois- Gris Doux"},"content":{"rendered":"<p>Charmante robe de chez 3 Pommes &#8211; marque de qualit\u00e9 connue pour ses cr\u00e9ations confortables et modernes. En tricot gris, joliment d\u00e9cor\u00e9 d&rsquo;un dessin sur le devant et boutonn\u00e9e dans le dos pour un habillage facile<\/p>\n","protected":false},"excerpt":{"rendered":"<p>Un joli mod\u00e8le tendre, classique et confortable sign\u00e9 3 Pommes. Id\u00e9al pour les premi\u00e8res journ\u00e9es fra\u00eeches.<\/p>\n","protected":false},"featured_media":678,"comment_status":"open","ping_status":"closed","template":"","meta":[],"product_brand":[],"product_cat":[31],"product_tag":[],"class_list":{"0":"post-675","1":"product","2":"type-product","3":"status-publish","4":"has-post-thumbnail","6":"product_cat-robes-filles","8":"first","9":"instock","10":"shipping-taxable","11":"purchasable","12":"product-type-simple"},"jetpack_sharing_enabled":true,"_links":{"self":[{"href":"https:\/\/tresorsdanna.com\/index.php\/wp-json\/wp\/v2\/product\/675","targetHints":{"allow":["GET"]}}],"collection":[{"href":"https:\/\/tresorsdanna.com\/index.php\/wp-json\/wp\/v2\/product"}],"about":[{"href":"https:\/\/tresorsdanna.com\/index.php\/wp-json\/wp\/v2\/types\/product"}],"replies":[{"embeddable":true,"href":"https:\/\/tresorsdanna.com\/index.php\/wp-json\/wp\/v2\/comments?post=675"}],"wp:featuredmedia":[{"embeddable":true,"href":"https:\/\/tresorsdanna.com\/index.php\/wp-json\/wp\/v2\/media\/678"}],"wp:attachment":[{"href":"https:\/\/tresorsdanna.com\/index.php\/wp-json\/wp\/v2\/media?parent=675"}],"wp:term":[{"taxonomy":"product_brand","embeddable":true,"href":"https:\/\/tresorsdanna.com\/index.php\/wp-json\/wp\/v2\/product_brand?post=675"},{"taxonomy":"product_cat","embeddable":true,"href":"https:\/\/tresorsdanna.com\/index.php\/wp-json\/wp\/v2\/product_cat?post=675"},{"taxonomy":"product_tag","embeddable":true,"href":"https:\/\/tresorsdanna.com\/index.php\/wp-json\/wp\/v2\/product_tag?post=675"}],"curies":[{"name":"wp","href":"https:\/\/api.w.org\/{rel}","templated":true}]}}