{"id":668,"date":"2025-10-26T07:34:07","date_gmt":"2025-10-26T07:34:07","guid":{"rendered":"https:\/\/tresorsdanna.com\/?post_type=product&#038;p=668"},"modified":"2025-11-14T14:54:30","modified_gmt":"2025-11-14T14:54:30","slug":"robe-absorba-ecru-2ans-tulle-et-coton-doux","status":"publish","type":"product","link":"https:\/\/tresorsdanna.com\/index.php\/produit\/robe-absorba-ecru-2ans-tulle-et-coton-doux\/","title":{"rendered":"Robe Absorba \u00e9cru- 2ans-Tulle et Coton Doux"},"content":{"rendered":"<p>El\u00e9gante robe Absorba, marque connue pour la qualit\u00e9 et le raffinement de ses collections b\u00e9b\u00e9s. Mod\u00e8le \u00e9cru \u00e0 haut orn\u00e9 de pierres Swarovski. Jupe en tulle doubl\u00e9 coton pour un tomb\u00e9 l\u00e9ger et confortable. Id\u00e9ale pour c\u00e9r\u00e9monies ou occasions sp\u00e9ciales.<\/p>\n","protected":false},"excerpt":{"rendered":"<p>Une pi\u00e8ce chic et d\u00e9licate sign\u00e9e Absorba. Parfaite pour des occasions sp\u00e9ciales. 2ans<\/p>\n","protected":false},"featured_media":673,"comment_status":"open","ping_status":"closed","template":"","meta":[],"product_brand":[],"product_cat":[31],"product_tag":[],"class_list":{"0":"post-668","1":"product","2":"type-product","3":"status-publish","4":"has-post-thumbnail","6":"product_cat-robes-filles","8":"first","9":"instock","10":"shipping-taxable","11":"purchasable","12":"product-type-simple"},"jetpack_sharing_enabled":true,"_links":{"self":[{"href":"https:\/\/tresorsdanna.com\/index.php\/wp-json\/wp\/v2\/product\/668","targetHints":{"allow":["GET"]}}],"collection":[{"href":"https:\/\/tresorsdanna.com\/index.php\/wp-json\/wp\/v2\/product"}],"about":[{"href":"https:\/\/tresorsdanna.com\/index.php\/wp-json\/wp\/v2\/types\/product"}],"replies":[{"embeddable":true,"href":"https:\/\/tresorsdanna.com\/index.php\/wp-json\/wp\/v2\/comments?post=668"}],"wp:featuredmedia":[{"embeddable":true,"href":"https:\/\/tresorsdanna.com\/index.php\/wp-json\/wp\/v2\/media\/673"}],"wp:attachment":[{"href":"https:\/\/tresorsdanna.com\/index.php\/wp-json\/wp\/v2\/media?parent=668"}],"wp:term":[{"taxonomy":"product_brand","embeddable":true,"href":"https:\/\/tresorsdanna.com\/index.php\/wp-json\/wp\/v2\/product_brand?post=668"},{"taxonomy":"product_cat","embeddable":true,"href":"https:\/\/tresorsdanna.com\/index.php\/wp-json\/wp\/v2\/product_cat?post=668"},{"taxonomy":"product_tag","embeddable":true,"href":"https:\/\/tresorsdanna.com\/index.php\/wp-json\/wp\/v2\/product_tag?post=668"}],"curies":[{"name":"wp","href":"https:\/\/api.w.org\/{rel}","templated":true}]}}