{"id":665,"date":"2025-10-26T06:35:04","date_gmt":"2025-10-26T06:35:04","guid":{"rendered":"https:\/\/tresorsdanna.com\/?post_type=product&#038;p=665"},"modified":"2025-11-14T14:55:49","modified_gmt":"2025-11-14T14:55:49","slug":"robe-lulu-gaufrette-reversible-en-coton-chaud-1an","status":"publish","type":"product","link":"https:\/\/tresorsdanna.com\/index.php\/produit\/robe-lulu-gaufrette-reversible-en-coton-chaud-1an\/","title":{"rendered":"Robe Lulu Gaufrette-Reversible en Coton chaud- 1an"},"content":{"rendered":"<p>Charmante robe Lulu Gaufrette r\u00e9versible \u00e0 manches longues; un c\u00f4t\u00e9 rose clair \u00e0 pois dor\u00e9s, l&rsquo;autre rose plus fonc\u00e9 \u00e0 motifs discrets. En coton doux et chaud parfaite pour l&rsquo;automne-hiver. Deux styles en une seule pi\u00e8ce confortable.<\/p>\n","protected":false},"excerpt":{"rendered":"<p>Un joli mod\u00e8le doux, chaud et raffin\u00e9 sign\u00e9 Lulu Gaufrette, marque de qualit\u00e9 pour cette petite robe<\/p>\n","protected":false},"featured_media":666,"comment_status":"open","ping_status":"closed","template":"","meta":[],"product_brand":[],"product_cat":[31],"product_tag":[],"class_list":{"0":"post-665","1":"product","2":"type-product","3":"status-publish","4":"has-post-thumbnail","6":"product_cat-robes-filles","8":"first","9":"instock","10":"shipping-taxable","11":"purchasable","12":"product-type-simple"},"jetpack_sharing_enabled":true,"_links":{"self":[{"href":"https:\/\/tresorsdanna.com\/index.php\/wp-json\/wp\/v2\/product\/665","targetHints":{"allow":["GET"]}}],"collection":[{"href":"https:\/\/tresorsdanna.com\/index.php\/wp-json\/wp\/v2\/product"}],"about":[{"href":"https:\/\/tresorsdanna.com\/index.php\/wp-json\/wp\/v2\/types\/product"}],"replies":[{"embeddable":true,"href":"https:\/\/tresorsdanna.com\/index.php\/wp-json\/wp\/v2\/comments?post=665"}],"wp:featuredmedia":[{"embeddable":true,"href":"https:\/\/tresorsdanna.com\/index.php\/wp-json\/wp\/v2\/media\/666"}],"wp:attachment":[{"href":"https:\/\/tresorsdanna.com\/index.php\/wp-json\/wp\/v2\/media?parent=665"}],"wp:term":[{"taxonomy":"product_brand","embeddable":true,"href":"https:\/\/tresorsdanna.com\/index.php\/wp-json\/wp\/v2\/product_brand?post=665"},{"taxonomy":"product_cat","embeddable":true,"href":"https:\/\/tresorsdanna.com\/index.php\/wp-json\/wp\/v2\/product_cat?post=665"},{"taxonomy":"product_tag","embeddable":true,"href":"https:\/\/tresorsdanna.com\/index.php\/wp-json\/wp\/v2\/product_tag?post=665"}],"curies":[{"name":"wp","href":"https:\/\/api.w.org\/{rel}","templated":true}]}}