{"id":637,"date":"2025-10-24T19:25:02","date_gmt":"2025-10-24T19:25:02","guid":{"rendered":"https:\/\/tresorsdanna.com\/?post_type=product&#038;p=637"},"modified":"2025-11-14T14:59:37","modified_gmt":"2025-11-14T14:59:37","slug":"gilet-name-it-68-cm-gris-zippe-avec-fil-argente","status":"publish","type":"product","link":"https:\/\/tresorsdanna.com\/index.php\/produit\/gilet-name-it-68-cm-gris-zippe-avec-fil-argente\/","title":{"rendered":"Gilet Name it -68 cm- Gris Zipp\u00e9 avec Fil Argent\u00e9"},"content":{"rendered":"<p>Gilet Name it pour b\u00e9b\u00e9 68cm; coloris gris rehauss\u00e9 d&rsquo;un discret fil argent\u00e9. Finitions gris fonc\u00e9 \u00e0 l&rsquo;encolure, \u00e0 la taille et aux poignets. Fermeture zipp\u00e9e sur le devant et poches lat\u00e9rales pour un style chic.<\/p>\n","protected":false},"excerpt":{"rendered":"<p>Gilet Name it simple, doux et brillant.\u00a0 Fermeture zipp\u00e9e. Parfait pour un look chic.<\/p>\n<p>&nbsp;<\/p>\n<p>&nbsp;<\/p>\n<p>&nbsp;<\/p>\n<p>&nbsp;<\/p>\n<p>&nbsp;<\/p>\n<p>&nbsp;<\/p>\n<p>&nbsp;<\/p>\n<p>&nbsp;<\/p>\n<p>&nbsp;<\/p>\n","protected":false},"featured_media":682,"comment_status":"open","ping_status":"closed","template":"","meta":[],"product_brand":[],"product_cat":[36],"product_tag":[],"class_list":{"0":"post-637","1":"product","2":"type-product","3":"status-publish","4":"has-post-thumbnail","6":"product_cat-doudounes-vestes-gilets","8":"first","9":"instock","10":"shipping-taxable","11":"purchasable","12":"product-type-simple"},"jetpack_sharing_enabled":true,"_links":{"self":[{"href":"https:\/\/tresorsdanna.com\/index.php\/wp-json\/wp\/v2\/product\/637","targetHints":{"allow":["GET"]}}],"collection":[{"href":"https:\/\/tresorsdanna.com\/index.php\/wp-json\/wp\/v2\/product"}],"about":[{"href":"https:\/\/tresorsdanna.com\/index.php\/wp-json\/wp\/v2\/types\/product"}],"replies":[{"embeddable":true,"href":"https:\/\/tresorsdanna.com\/index.php\/wp-json\/wp\/v2\/comments?post=637"}],"wp:featuredmedia":[{"embeddable":true,"href":"https:\/\/tresorsdanna.com\/index.php\/wp-json\/wp\/v2\/media\/682"}],"wp:attachment":[{"href":"https:\/\/tresorsdanna.com\/index.php\/wp-json\/wp\/v2\/media?parent=637"}],"wp:term":[{"taxonomy":"product_brand","embeddable":true,"href":"https:\/\/tresorsdanna.com\/index.php\/wp-json\/wp\/v2\/product_brand?post=637"},{"taxonomy":"product_cat","embeddable":true,"href":"https:\/\/tresorsdanna.com\/index.php\/wp-json\/wp\/v2\/product_cat?post=637"},{"taxonomy":"product_tag","embeddable":true,"href":"https:\/\/tresorsdanna.com\/index.php\/wp-json\/wp\/v2\/product_tag?post=637"}],"curies":[{"name":"wp","href":"https:\/\/api.w.org\/{rel}","templated":true}]}}