{"id":609,"date":"2025-10-24T10:15:10","date_gmt":"2025-10-24T10:15:10","guid":{"rendered":"https:\/\/tresorsdanna.com\/?post_type=product&#038;p=609"},"modified":"2025-11-14T15:03:14","modified_gmt":"2025-11-14T15:03:14","slug":"gilet-du-pareil-au-meme-jaune-a-fleurs-matelasse-3mois","status":"publish","type":"product","link":"https:\/\/tresorsdanna.com\/index.php\/produit\/gilet-du-pareil-au-meme-jaune-a-fleurs-matelasse-3mois\/","title":{"rendered":"Gilet Du Pareil Au M\u00eame- Jaune \u00e0 Fleurs- Matelass\u00e9- 3mois"},"content":{"rendered":"<p>Adorable gilet Du Pareil Au M\u00eame pour b\u00e9b\u00e9 de 3 mois. Coloris jaune \u00e0 motifs fleuris. R\u00e9versible. Tissu matelass\u00e9 chaud et confortable ( 99% coton,1% fibre m\u00e9tallique ) pour un effet scintillant. Id\u00e9al pour la mi-saison<\/p>\n","protected":false},"excerpt":{"rendered":"<p>Doux, fleuri et lumineux- un gilet chic pour r\u00e9chauffer et habiller b\u00e9b\u00e9 de 3 mois<\/p>\n","protected":false},"featured_media":610,"comment_status":"open","ping_status":"closed","template":"","meta":[],"product_brand":[],"product_cat":[36],"product_tag":[],"class_list":{"0":"post-609","1":"product","2":"type-product","3":"status-publish","4":"has-post-thumbnail","6":"product_cat-doudounes-vestes-gilets","8":"first","9":"instock","10":"shipping-taxable","11":"purchasable","12":"product-type-simple"},"jetpack_sharing_enabled":true,"_links":{"self":[{"href":"https:\/\/tresorsdanna.com\/index.php\/wp-json\/wp\/v2\/product\/609","targetHints":{"allow":["GET"]}}],"collection":[{"href":"https:\/\/tresorsdanna.com\/index.php\/wp-json\/wp\/v2\/product"}],"about":[{"href":"https:\/\/tresorsdanna.com\/index.php\/wp-json\/wp\/v2\/types\/product"}],"replies":[{"embeddable":true,"href":"https:\/\/tresorsdanna.com\/index.php\/wp-json\/wp\/v2\/comments?post=609"}],"wp:featuredmedia":[{"embeddable":true,"href":"https:\/\/tresorsdanna.com\/index.php\/wp-json\/wp\/v2\/media\/610"}],"wp:attachment":[{"href":"https:\/\/tresorsdanna.com\/index.php\/wp-json\/wp\/v2\/media?parent=609"}],"wp:term":[{"taxonomy":"product_brand","embeddable":true,"href":"https:\/\/tresorsdanna.com\/index.php\/wp-json\/wp\/v2\/product_brand?post=609"},{"taxonomy":"product_cat","embeddable":true,"href":"https:\/\/tresorsdanna.com\/index.php\/wp-json\/wp\/v2\/product_cat?post=609"},{"taxonomy":"product_tag","embeddable":true,"href":"https:\/\/tresorsdanna.com\/index.php\/wp-json\/wp\/v2\/product_tag?post=609"}],"curies":[{"name":"wp","href":"https:\/\/api.w.org\/{rel}","templated":true}]}}