{"id":599,"date":"2025-10-23T20:51:26","date_gmt":"2025-10-23T20:51:26","guid":{"rendered":"https:\/\/tresorsdanna.com\/?post_type=product&#038;p=599"},"modified":"2025-10-23T21:13:18","modified_gmt":"2025-10-23T21:13:18","slug":"jupe-reversible-ikks-argent-et-noir-plis-creux-devant","status":"publish","type":"product","link":"https:\/\/tresorsdanna.com\/index.php\/produit\/jupe-reversible-ikks-argent-et-noir-plis-creux-devant\/","title":{"rendered":"Jupe R\u00e9versible-IKKS Argent et Noir- Plis Creux devant"},"content":{"rendered":"<p>Jupe IKKS r\u00e9versible, \u00e9l\u00e9gante et moderne: un cot\u00e9 argent\u00e9 lumineux et un cot\u00e9 noir raffin\u00e9.\u00a0 \u00a0 \u00a0 Plis creux sur le devant. Mati\u00e8re de qualit\u00e9 ( 83% polyester, 13% Polyamide, 4% elasthanne) offrant confort et allure. Parfaite pour les occasions sp\u00e9ciales.<\/p>\n","protected":false},"excerpt":{"rendered":"<p>Une jolie jupe chic tout en mouvement &#8211; offre 2 styles en une jupe &#8211; chic et brillante pour les f\u00eates<\/p>\n","protected":false},"featured_media":600,"comment_status":"open","ping_status":"closed","template":"","meta":[],"product_brand":[],"product_cat":[22],"product_tag":[],"class_list":{"0":"post-599","1":"product","2":"type-product","3":"status-publish","4":"has-post-thumbnail","6":"product_cat-jupes-filles","8":"first","9":"instock","10":"shipping-taxable","11":"purchasable","12":"product-type-simple"},"jetpack_sharing_enabled":true,"_links":{"self":[{"href":"https:\/\/tresorsdanna.com\/index.php\/wp-json\/wp\/v2\/product\/599","targetHints":{"allow":["GET"]}}],"collection":[{"href":"https:\/\/tresorsdanna.com\/index.php\/wp-json\/wp\/v2\/product"}],"about":[{"href":"https:\/\/tresorsdanna.com\/index.php\/wp-json\/wp\/v2\/types\/product"}],"replies":[{"embeddable":true,"href":"https:\/\/tresorsdanna.com\/index.php\/wp-json\/wp\/v2\/comments?post=599"}],"wp:featuredmedia":[{"embeddable":true,"href":"https:\/\/tresorsdanna.com\/index.php\/wp-json\/wp\/v2\/media\/600"}],"wp:attachment":[{"href":"https:\/\/tresorsdanna.com\/index.php\/wp-json\/wp\/v2\/media?parent=599"}],"wp:term":[{"taxonomy":"product_brand","embeddable":true,"href":"https:\/\/tresorsdanna.com\/index.php\/wp-json\/wp\/v2\/product_brand?post=599"},{"taxonomy":"product_cat","embeddable":true,"href":"https:\/\/tresorsdanna.com\/index.php\/wp-json\/wp\/v2\/product_cat?post=599"},{"taxonomy":"product_tag","embeddable":true,"href":"https:\/\/tresorsdanna.com\/index.php\/wp-json\/wp\/v2\/product_tag?post=599"}],"curies":[{"name":"wp","href":"https:\/\/api.w.org\/{rel}","templated":true}]}}