{"id":585,"date":"2025-10-23T10:56:21","date_gmt":"2025-10-23T10:56:21","guid":{"rendered":"https:\/\/tresorsdanna.com\/?post_type=product&#038;p=585"},"modified":"2025-11-14T15:04:46","modified_gmt":"2025-11-14T15:04:46","slug":"ensemble-bebe-absorba-6mois-haut-jaune-et-bas-a-pois-noirs","status":"publish","type":"product","link":"https:\/\/tresorsdanna.com\/index.php\/produit\/ensemble-bebe-absorba-6mois-haut-jaune-et-bas-a-pois-noirs\/","title":{"rendered":"Ensemble B\u00e9b\u00e9-Absorba-6Mois-Haut Jaune et Bas \u00e0 Pois Noirs"},"content":{"rendered":"<p>Ensemble b\u00e9b\u00e9s Absorba\u00a0 6 mois compos\u00e9 d&rsquo;un haut jaune, doux et pratique en coton, assorti d&rsquo;un bas blanc\u00a0 avec des pois noirs. Boutonn\u00e9 \u00e0 l&rsquo;\u00e9paule pour un habillage facile<\/p>\n","protected":false},"excerpt":{"rendered":"<p>Confortable, doux et pratique- un joli duo sign\u00e9\u00a0 Absorba<\/p>\n","protected":false},"featured_media":586,"comment_status":"open","ping_status":"closed","template":"","meta":[],"product_brand":[],"product_cat":[29],"product_tag":[],"class_list":{"0":"post-585","1":"product","2":"type-product","3":"status-publish","4":"has-post-thumbnail","6":"product_cat-pantalons-filles","8":"first","9":"instock","10":"shipping-taxable","11":"purchasable","12":"product-type-simple"},"jetpack_sharing_enabled":true,"_links":{"self":[{"href":"https:\/\/tresorsdanna.com\/index.php\/wp-json\/wp\/v2\/product\/585","targetHints":{"allow":["GET"]}}],"collection":[{"href":"https:\/\/tresorsdanna.com\/index.php\/wp-json\/wp\/v2\/product"}],"about":[{"href":"https:\/\/tresorsdanna.com\/index.php\/wp-json\/wp\/v2\/types\/product"}],"replies":[{"embeddable":true,"href":"https:\/\/tresorsdanna.com\/index.php\/wp-json\/wp\/v2\/comments?post=585"}],"wp:featuredmedia":[{"embeddable":true,"href":"https:\/\/tresorsdanna.com\/index.php\/wp-json\/wp\/v2\/media\/586"}],"wp:attachment":[{"href":"https:\/\/tresorsdanna.com\/index.php\/wp-json\/wp\/v2\/media?parent=585"}],"wp:term":[{"taxonomy":"product_brand","embeddable":true,"href":"https:\/\/tresorsdanna.com\/index.php\/wp-json\/wp\/v2\/product_brand?post=585"},{"taxonomy":"product_cat","embeddable":true,"href":"https:\/\/tresorsdanna.com\/index.php\/wp-json\/wp\/v2\/product_cat?post=585"},{"taxonomy":"product_tag","embeddable":true,"href":"https:\/\/tresorsdanna.com\/index.php\/wp-json\/wp\/v2\/product_tag?post=585"}],"curies":[{"name":"wp","href":"https:\/\/api.w.org\/{rel}","templated":true}]}}