{"id":573,"date":"2025-10-23T07:01:45","date_gmt":"2025-10-23T07:01:45","guid":{"rendered":"https:\/\/tresorsdanna.com\/?post_type=product&#038;p=573"},"modified":"2025-10-23T07:15:39","modified_gmt":"2025-10-23T07:15:39","slug":"jupe-sergent-major-broderie-anglaise-marine-4-ans","status":"publish","type":"product","link":"https:\/\/tresorsdanna.com\/index.php\/produit\/jupe-sergent-major-broderie-anglaise-marine-4-ans\/","title":{"rendered":"Jupe Sergent Major-Broderie Anglaise Marine &#8211; 4 ans"},"content":{"rendered":"<p>Jupe Sergent Major 4 ans en broderie anglaise d\u00e9licate orn\u00e9e de petites fleurs blanches et jaunes. Taille \u00e9lastique pour un enfilage facile. Un mod\u00e8le raffin\u00e9 id\u00e9al pour des occasions sp\u00e9ciales<\/p>\n","protected":false},"excerpt":{"rendered":"<p>Une jolie jupe en coton d\u00e9licate et fleurie &#8211;\u00a0 Parfaite pour un look chic et confortable- 4 ans<\/p>\n","protected":false},"featured_media":574,"comment_status":"open","ping_status":"closed","template":"","meta":[],"product_brand":[],"product_cat":[22],"product_tag":[],"class_list":{"0":"post-573","1":"product","2":"type-product","3":"status-publish","4":"has-post-thumbnail","6":"product_cat-jupes-filles","8":"first","9":"instock","10":"shipping-taxable","11":"purchasable","12":"product-type-simple"},"jetpack_sharing_enabled":true,"_links":{"self":[{"href":"https:\/\/tresorsdanna.com\/index.php\/wp-json\/wp\/v2\/product\/573","targetHints":{"allow":["GET"]}}],"collection":[{"href":"https:\/\/tresorsdanna.com\/index.php\/wp-json\/wp\/v2\/product"}],"about":[{"href":"https:\/\/tresorsdanna.com\/index.php\/wp-json\/wp\/v2\/types\/product"}],"replies":[{"embeddable":true,"href":"https:\/\/tresorsdanna.com\/index.php\/wp-json\/wp\/v2\/comments?post=573"}],"wp:featuredmedia":[{"embeddable":true,"href":"https:\/\/tresorsdanna.com\/index.php\/wp-json\/wp\/v2\/media\/574"}],"wp:attachment":[{"href":"https:\/\/tresorsdanna.com\/index.php\/wp-json\/wp\/v2\/media?parent=573"}],"wp:term":[{"taxonomy":"product_brand","embeddable":true,"href":"https:\/\/tresorsdanna.com\/index.php\/wp-json\/wp\/v2\/product_brand?post=573"},{"taxonomy":"product_cat","embeddable":true,"href":"https:\/\/tresorsdanna.com\/index.php\/wp-json\/wp\/v2\/product_cat?post=573"},{"taxonomy":"product_tag","embeddable":true,"href":"https:\/\/tresorsdanna.com\/index.php\/wp-json\/wp\/v2\/product_tag?post=573"}],"curies":[{"name":"wp","href":"https:\/\/api.w.org\/{rel}","templated":true}]}}