{"id":565,"date":"2025-10-22T19:51:33","date_gmt":"2025-10-22T19:51:33","guid":{"rendered":"https:\/\/tresorsdanna.com\/?post_type=product&#038;p=565"},"modified":"2025-10-23T14:52:16","modified_gmt":"2025-10-23T14:52:16","slug":"jupe-droite-springfield-ecossais-s-junior","status":"publish","type":"product","link":"https:\/\/tresorsdanna.com\/index.php\/produit\/jupe-droite-springfield-ecossais-s-junior\/","title":{"rendered":"Jupe Droite Springfield \u00e9cossais- S Junior"},"content":{"rendered":"<p>Jupe droite Springfield &#8211; S\u00a0 junior en tissus \u00e9cossais. Poches plaqu\u00e9es sur le devant et ceinture assortie \u00e0 nouer \u00e0 la taille. Coupe moderne et tissu confortable. Id\u00e9ale pour un style jeune et tendance<\/p>\n","protected":false},"excerpt":{"rendered":"<p>Une jupe droite \u00e9cossais Springfield &#8211; chic et actuelle &#8211; S- junior<\/p>\n","protected":false},"featured_media":589,"comment_status":"open","ping_status":"closed","template":"","meta":[],"product_brand":[],"product_cat":[22],"product_tag":[],"class_list":{"0":"post-565","1":"product","2":"type-product","3":"status-publish","4":"has-post-thumbnail","6":"product_cat-jupes-filles","8":"first","9":"instock","10":"shipping-taxable","11":"purchasable","12":"product-type-simple"},"jetpack_sharing_enabled":true,"_links":{"self":[{"href":"https:\/\/tresorsdanna.com\/index.php\/wp-json\/wp\/v2\/product\/565","targetHints":{"allow":["GET"]}}],"collection":[{"href":"https:\/\/tresorsdanna.com\/index.php\/wp-json\/wp\/v2\/product"}],"about":[{"href":"https:\/\/tresorsdanna.com\/index.php\/wp-json\/wp\/v2\/types\/product"}],"replies":[{"embeddable":true,"href":"https:\/\/tresorsdanna.com\/index.php\/wp-json\/wp\/v2\/comments?post=565"}],"wp:featuredmedia":[{"embeddable":true,"href":"https:\/\/tresorsdanna.com\/index.php\/wp-json\/wp\/v2\/media\/589"}],"wp:attachment":[{"href":"https:\/\/tresorsdanna.com\/index.php\/wp-json\/wp\/v2\/media?parent=565"}],"wp:term":[{"taxonomy":"product_brand","embeddable":true,"href":"https:\/\/tresorsdanna.com\/index.php\/wp-json\/wp\/v2\/product_brand?post=565"},{"taxonomy":"product_cat","embeddable":true,"href":"https:\/\/tresorsdanna.com\/index.php\/wp-json\/wp\/v2\/product_cat?post=565"},{"taxonomy":"product_tag","embeddable":true,"href":"https:\/\/tresorsdanna.com\/index.php\/wp-json\/wp\/v2\/product_tag?post=565"}],"curies":[{"name":"wp","href":"https:\/\/api.w.org\/{rel}","templated":true}]}}