{"id":562,"date":"2025-10-22T19:17:20","date_gmt":"2025-10-22T19:17:20","guid":{"rendered":"https:\/\/tresorsdanna.com\/?post_type=product&#038;p=562"},"modified":"2025-10-22T19:51:02","modified_gmt":"2025-10-22T19:51:02","slug":"jupe-bonnet-a-pompons-en-lainage-10-ans","status":"publish","type":"product","link":"https:\/\/tresorsdanna.com\/index.php\/produit\/jupe-bonnet-a-pompons-en-lainage-10-ans\/","title":{"rendered":"Jupe Bonnet \u00e0 Pompons en lainage -10 ans"},"content":{"rendered":"<p>Jupe verte Bonnet \u00e0 Pompons 10 ans. Tissu lainage chaud. Poches lat\u00e9rales orn\u00e9es de boutons. Pli creux sur le devant pour plus d&rsquo;aisance. Taille \u00e9lastique au dos pour un ajustement confortable. Un mod\u00e8le agr\u00e9able \u00e0 porter<\/p>\n","protected":false},"excerpt":{"rendered":"<p>Une belle teinte douce pour une jupe chaude et confortable sign\u00e9e Bonnet \u00e0 Pompons &#8211; 10 ans<\/p>\n","protected":false},"featured_media":563,"comment_status":"open","ping_status":"closed","template":"","meta":[],"product_brand":[],"product_cat":[22],"product_tag":[],"class_list":{"0":"post-562","1":"product","2":"type-product","3":"status-publish","4":"has-post-thumbnail","6":"product_cat-jupes-filles","8":"first","9":"instock","10":"shipping-taxable","11":"purchasable","12":"product-type-simple"},"jetpack_sharing_enabled":true,"_links":{"self":[{"href":"https:\/\/tresorsdanna.com\/index.php\/wp-json\/wp\/v2\/product\/562","targetHints":{"allow":["GET"]}}],"collection":[{"href":"https:\/\/tresorsdanna.com\/index.php\/wp-json\/wp\/v2\/product"}],"about":[{"href":"https:\/\/tresorsdanna.com\/index.php\/wp-json\/wp\/v2\/types\/product"}],"replies":[{"embeddable":true,"href":"https:\/\/tresorsdanna.com\/index.php\/wp-json\/wp\/v2\/comments?post=562"}],"wp:featuredmedia":[{"embeddable":true,"href":"https:\/\/tresorsdanna.com\/index.php\/wp-json\/wp\/v2\/media\/563"}],"wp:attachment":[{"href":"https:\/\/tresorsdanna.com\/index.php\/wp-json\/wp\/v2\/media?parent=562"}],"wp:term":[{"taxonomy":"product_brand","embeddable":true,"href":"https:\/\/tresorsdanna.com\/index.php\/wp-json\/wp\/v2\/product_brand?post=562"},{"taxonomy":"product_cat","embeddable":true,"href":"https:\/\/tresorsdanna.com\/index.php\/wp-json\/wp\/v2\/product_cat?post=562"},{"taxonomy":"product_tag","embeddable":true,"href":"https:\/\/tresorsdanna.com\/index.php\/wp-json\/wp\/v2\/product_tag?post=562"}],"curies":[{"name":"wp","href":"https:\/\/api.w.org\/{rel}","templated":true}]}}