{"id":556,"date":"2025-10-22T17:32:59","date_gmt":"2025-10-22T17:32:59","guid":{"rendered":"https:\/\/tresorsdanna.com\/?post_type=product&#038;p=556"},"modified":"2025-10-22T18:43:43","modified_gmt":"2025-10-22T18:43:43","slug":"jupe-rouge-3-pommes-3-4-ans","status":"publish","type":"product","link":"https:\/\/tresorsdanna.com\/index.php\/produit\/jupe-rouge-3-pommes-3-4-ans\/","title":{"rendered":"Jupe rouge 3 Pommes- 3\/4 ans"},"content":{"rendered":"<p>Jolie jupe rouge en coton avec une touche d&rsquo;\u00e9lasthane pour plus de confort. Coupe patineuse. Ceinture \u00e9lastique ray\u00e9e noir, argent rouge et blanc\u00a0 avec un petit n\u0153ud, ajoutant du charme \u00e0 la jupe. Douce, pratique et facile d&rsquo;entretien.<\/p>\n","protected":false},"excerpt":{"rendered":"<p>Une jolie jupe pleine de peps et de mouvement. Parfaite pour les petites dynamiques &#8211; 3\/ 4 ans<\/p>\n","protected":false},"featured_media":557,"comment_status":"open","ping_status":"closed","template":"","meta":[],"product_brand":[],"product_cat":[22],"product_tag":[],"class_list":{"0":"post-556","1":"product","2":"type-product","3":"status-publish","4":"has-post-thumbnail","6":"product_cat-jupes-filles","8":"first","9":"instock","10":"shipping-taxable","11":"purchasable","12":"product-type-simple"},"jetpack_sharing_enabled":true,"_links":{"self":[{"href":"https:\/\/tresorsdanna.com\/index.php\/wp-json\/wp\/v2\/product\/556","targetHints":{"allow":["GET"]}}],"collection":[{"href":"https:\/\/tresorsdanna.com\/index.php\/wp-json\/wp\/v2\/product"}],"about":[{"href":"https:\/\/tresorsdanna.com\/index.php\/wp-json\/wp\/v2\/types\/product"}],"replies":[{"embeddable":true,"href":"https:\/\/tresorsdanna.com\/index.php\/wp-json\/wp\/v2\/comments?post=556"}],"wp:featuredmedia":[{"embeddable":true,"href":"https:\/\/tresorsdanna.com\/index.php\/wp-json\/wp\/v2\/media\/557"}],"wp:attachment":[{"href":"https:\/\/tresorsdanna.com\/index.php\/wp-json\/wp\/v2\/media?parent=556"}],"wp:term":[{"taxonomy":"product_brand","embeddable":true,"href":"https:\/\/tresorsdanna.com\/index.php\/wp-json\/wp\/v2\/product_brand?post=556"},{"taxonomy":"product_cat","embeddable":true,"href":"https:\/\/tresorsdanna.com\/index.php\/wp-json\/wp\/v2\/product_cat?post=556"},{"taxonomy":"product_tag","embeddable":true,"href":"https:\/\/tresorsdanna.com\/index.php\/wp-json\/wp\/v2\/product_tag?post=556"}],"curies":[{"name":"wp","href":"https:\/\/api.w.org\/{rel}","templated":true}]}}