{"id":538,"date":"2025-10-21T11:27:32","date_gmt":"2025-10-21T11:27:32","guid":{"rendered":"https:\/\/tresorsdanna.com\/?post_type=product&#038;p=538"},"modified":"2025-10-21T13:03:29","modified_gmt":"2025-10-21T13:03:29","slug":"pantalon-elle-kids-blanc-avec-ceinture-motifs","status":"publish","type":"product","link":"https:\/\/tresorsdanna.com\/index.php\/produit\/pantalon-elle-kids-blanc-avec-ceinture-motifs\/","title":{"rendered":"Pantalon Elle Kids blanc avec Ceinture Motifs"},"content":{"rendered":"<p>Pantalon Elle Kids, 97 % coton et 3% \u00e9lasthanne pour plus de confort. Coloris blanc, ceinture en tissu \u00e0 motifs \u00e0 nouer pour un style raffin\u00e9. Taille \u00e9lastique au dos.\u00a0 Poches plaqu\u00e9es \u00e0 l&rsquo;arri\u00e8re. Coupe pratique et \u00e9l\u00e9gante. Id\u00e9al pour un look chic.<\/p>\n","protected":false},"excerpt":{"rendered":"<p>\u00c9l\u00e9gant\u00a0 et confortable sign\u00e9 Elle Kids- le premier pantalon chic des beaux jours. 1an.<\/p>\n","protected":false},"featured_media":539,"comment_status":"open","ping_status":"closed","template":"","meta":[],"product_brand":[],"product_cat":[29],"product_tag":[],"class_list":{"0":"post-538","1":"product","2":"type-product","3":"status-publish","4":"has-post-thumbnail","6":"product_cat-pantalons-filles","8":"first","9":"instock","10":"shipping-taxable","11":"purchasable","12":"product-type-simple"},"jetpack_sharing_enabled":true,"_links":{"self":[{"href":"https:\/\/tresorsdanna.com\/index.php\/wp-json\/wp\/v2\/product\/538","targetHints":{"allow":["GET"]}}],"collection":[{"href":"https:\/\/tresorsdanna.com\/index.php\/wp-json\/wp\/v2\/product"}],"about":[{"href":"https:\/\/tresorsdanna.com\/index.php\/wp-json\/wp\/v2\/types\/product"}],"replies":[{"embeddable":true,"href":"https:\/\/tresorsdanna.com\/index.php\/wp-json\/wp\/v2\/comments?post=538"}],"wp:featuredmedia":[{"embeddable":true,"href":"https:\/\/tresorsdanna.com\/index.php\/wp-json\/wp\/v2\/media\/539"}],"wp:attachment":[{"href":"https:\/\/tresorsdanna.com\/index.php\/wp-json\/wp\/v2\/media?parent=538"}],"wp:term":[{"taxonomy":"product_brand","embeddable":true,"href":"https:\/\/tresorsdanna.com\/index.php\/wp-json\/wp\/v2\/product_brand?post=538"},{"taxonomy":"product_cat","embeddable":true,"href":"https:\/\/tresorsdanna.com\/index.php\/wp-json\/wp\/v2\/product_cat?post=538"},{"taxonomy":"product_tag","embeddable":true,"href":"https:\/\/tresorsdanna.com\/index.php\/wp-json\/wp\/v2\/product_tag?post=538"}],"curies":[{"name":"wp","href":"https:\/\/api.w.org\/{rel}","templated":true}]}}