{"id":537,"date":"2025-10-21T10:02:48","date_gmt":"2025-10-21T10:02:48","guid":{"rendered":"https:\/\/tresorsdanna.com\/?post_type=product&#038;p=537"},"modified":"2025-10-21T20:19:35","modified_gmt":"2025-10-21T20:19:35","slug":"pantalon-skinny-noir-effet-brillant-3-4ans","status":"publish","type":"product","link":"https:\/\/tresorsdanna.com\/index.php\/produit\/pantalon-skinny-noir-effet-brillant-3-4ans\/","title":{"rendered":"Pantalon Skinny Noir effet Brillant- 3 \/ 4ans"},"content":{"rendered":"<p>Pantalon type legging, coupe skinny . Mati\u00e8re extensible ( 77% viscose, 20% polyamide, 3% 2 \u00e9lasthanne) avec l\u00e9ger effet brillant . Look chic et moderne.<\/p>\n<p>&nbsp;<\/p>\n<p>.<\/p>\n","protected":false},"excerpt":{"rendered":"<p>Pantalon\u00a0 souple, brillant et styl\u00e9- le legging chic pour toutes les occasions- 3 \/4ans<\/p>\n","protected":false},"featured_media":543,"comment_status":"open","ping_status":"closed","template":"","meta":[],"product_brand":[],"product_cat":[28],"product_tag":[],"class_list":{"0":"post-537","1":"product","2":"type-product","3":"status-publish","4":"has-post-thumbnail","6":"product_cat-pantalon-garcons","8":"first","9":"instock","10":"shipping-taxable","11":"purchasable","12":"product-type-simple"},"jetpack_sharing_enabled":true,"_links":{"self":[{"href":"https:\/\/tresorsdanna.com\/index.php\/wp-json\/wp\/v2\/product\/537","targetHints":{"allow":["GET"]}}],"collection":[{"href":"https:\/\/tresorsdanna.com\/index.php\/wp-json\/wp\/v2\/product"}],"about":[{"href":"https:\/\/tresorsdanna.com\/index.php\/wp-json\/wp\/v2\/types\/product"}],"replies":[{"embeddable":true,"href":"https:\/\/tresorsdanna.com\/index.php\/wp-json\/wp\/v2\/comments?post=537"}],"wp:featuredmedia":[{"embeddable":true,"href":"https:\/\/tresorsdanna.com\/index.php\/wp-json\/wp\/v2\/media\/543"}],"wp:attachment":[{"href":"https:\/\/tresorsdanna.com\/index.php\/wp-json\/wp\/v2\/media?parent=537"}],"wp:term":[{"taxonomy":"product_brand","embeddable":true,"href":"https:\/\/tresorsdanna.com\/index.php\/wp-json\/wp\/v2\/product_brand?post=537"},{"taxonomy":"product_cat","embeddable":true,"href":"https:\/\/tresorsdanna.com\/index.php\/wp-json\/wp\/v2\/product_cat?post=537"},{"taxonomy":"product_tag","embeddable":true,"href":"https:\/\/tresorsdanna.com\/index.php\/wp-json\/wp\/v2\/product_tag?post=537"}],"curies":[{"name":"wp","href":"https:\/\/api.w.org\/{rel}","templated":true}]}}