{"id":498,"date":"2025-10-19T05:50:12","date_gmt":"2025-10-19T05:50:12","guid":{"rendered":"https:\/\/tresorsdanna.com\/?post_type=product&#038;p=498"},"modified":"2025-10-19T06:23:34","modified_gmt":"2025-10-19T06:23:34","slug":"robe-name-it-haut-brillant-bas-tulle-10-ans","status":"publish","type":"product","link":"https:\/\/tresorsdanna.com\/index.php\/produit\/robe-name-it-haut-brillant-bas-tulle-10-ans\/","title":{"rendered":"Robe Name it haut Brillant bas Tulle 10 ans"},"content":{"rendered":"<p>Robe Name It, tissu l\u00e9ger en polyester.\u00a0 Haut en fils m\u00e9tallis\u00e9s pour un effet brillant. Bas en tulle souple apportant du mouvement et de l&rsquo;\u00e9l\u00e9gance. Doubl\u00e9e pour plus de tenue et de confort. Id\u00e9ale pour sorties et f\u00eates.<\/p>\n","protected":false},"excerpt":{"rendered":"<p>Robe Name it; haut brillant et raffin\u00e9-Bas tulle l\u00e9ger- la robe parfaite pour les f\u00eates et petites occasions<\/p>\n","protected":false},"featured_media":499,"comment_status":"open","ping_status":"closed","template":"","meta":[],"product_brand":[],"product_cat":[31],"product_tag":[],"class_list":{"0":"post-498","1":"product","2":"type-product","3":"status-publish","4":"has-post-thumbnail","6":"product_cat-robes-filles","8":"first","9":"instock","10":"shipping-taxable","11":"purchasable","12":"product-type-simple"},"jetpack_sharing_enabled":true,"_links":{"self":[{"href":"https:\/\/tresorsdanna.com\/index.php\/wp-json\/wp\/v2\/product\/498","targetHints":{"allow":["GET"]}}],"collection":[{"href":"https:\/\/tresorsdanna.com\/index.php\/wp-json\/wp\/v2\/product"}],"about":[{"href":"https:\/\/tresorsdanna.com\/index.php\/wp-json\/wp\/v2\/types\/product"}],"replies":[{"embeddable":true,"href":"https:\/\/tresorsdanna.com\/index.php\/wp-json\/wp\/v2\/comments?post=498"}],"wp:featuredmedia":[{"embeddable":true,"href":"https:\/\/tresorsdanna.com\/index.php\/wp-json\/wp\/v2\/media\/499"}],"wp:attachment":[{"href":"https:\/\/tresorsdanna.com\/index.php\/wp-json\/wp\/v2\/media?parent=498"}],"wp:term":[{"taxonomy":"product_brand","embeddable":true,"href":"https:\/\/tresorsdanna.com\/index.php\/wp-json\/wp\/v2\/product_brand?post=498"},{"taxonomy":"product_cat","embeddable":true,"href":"https:\/\/tresorsdanna.com\/index.php\/wp-json\/wp\/v2\/product_cat?post=498"},{"taxonomy":"product_tag","embeddable":true,"href":"https:\/\/tresorsdanna.com\/index.php\/wp-json\/wp\/v2\/product_tag?post=498"}],"curies":[{"name":"wp","href":"https:\/\/api.w.org\/{rel}","templated":true}]}}