{"id":471,"date":"2025-10-18T10:28:57","date_gmt":"2025-10-18T10:28:57","guid":{"rendered":"https:\/\/tresorsdanna.com\/?post_type=product&#038;p=471"},"modified":"2025-10-18T10:55:31","modified_gmt":"2025-10-18T10:55:31","slug":"robe-fillettes-marine-canada-kids-3-ans","status":"publish","type":"product","link":"https:\/\/tresorsdanna.com\/index.php\/produit\/robe-fillettes-marine-canada-kids-3-ans\/","title":{"rendered":"Robe fillettes marine Canada Kids 3 ans"},"content":{"rendered":"<p>Jolie robe Canada kids au style robe chemisier. Coloris bleu marine, en coton doux respirant. Lien \u00e0 la taille avec petit n\u0153ud pour une touche \u00e9l\u00e9gante. Confortable et facile \u00e0 porter au quotidien<\/p>\n","protected":false},"excerpt":{"rendered":"<p>Robe chemisier Canada Kids en coton bleu marine, avec lien \u00e0 la taille et petit n\u0153ud-3 ans<\/p>\n","protected":false},"featured_media":472,"comment_status":"open","ping_status":"closed","template":"","meta":[],"product_brand":[],"product_cat":[31],"product_tag":[],"class_list":{"0":"post-471","1":"product","2":"type-product","3":"status-publish","4":"has-post-thumbnail","6":"product_cat-robes-filles","8":"first","9":"instock","10":"shipping-taxable","11":"purchasable","12":"product-type-simple"},"jetpack_sharing_enabled":true,"_links":{"self":[{"href":"https:\/\/tresorsdanna.com\/index.php\/wp-json\/wp\/v2\/product\/471","targetHints":{"allow":["GET"]}}],"collection":[{"href":"https:\/\/tresorsdanna.com\/index.php\/wp-json\/wp\/v2\/product"}],"about":[{"href":"https:\/\/tresorsdanna.com\/index.php\/wp-json\/wp\/v2\/types\/product"}],"replies":[{"embeddable":true,"href":"https:\/\/tresorsdanna.com\/index.php\/wp-json\/wp\/v2\/comments?post=471"}],"wp:featuredmedia":[{"embeddable":true,"href":"https:\/\/tresorsdanna.com\/index.php\/wp-json\/wp\/v2\/media\/472"}],"wp:attachment":[{"href":"https:\/\/tresorsdanna.com\/index.php\/wp-json\/wp\/v2\/media?parent=471"}],"wp:term":[{"taxonomy":"product_brand","embeddable":true,"href":"https:\/\/tresorsdanna.com\/index.php\/wp-json\/wp\/v2\/product_brand?post=471"},{"taxonomy":"product_cat","embeddable":true,"href":"https:\/\/tresorsdanna.com\/index.php\/wp-json\/wp\/v2\/product_cat?post=471"},{"taxonomy":"product_tag","embeddable":true,"href":"https:\/\/tresorsdanna.com\/index.php\/wp-json\/wp\/v2\/product_tag?post=471"}],"curies":[{"name":"wp","href":"https:\/\/api.w.org\/{rel}","templated":true}]}}