{"id":464,"date":"2025-10-18T07:43:50","date_gmt":"2025-10-18T07:43:50","guid":{"rendered":"https:\/\/tresorsdanna.com\/?post_type=product&#038;p=464"},"modified":"2025-10-18T08:12:21","modified_gmt":"2025-10-18T08:12:21","slug":"robe-filles-miniman-multicolore-12-ans","status":"publish","type":"product","link":"https:\/\/tresorsdanna.com\/index.php\/produit\/robe-filles-miniman-multicolore-12-ans\/","title":{"rendered":"Robe filles Miniman multicolore 12 ans"},"content":{"rendered":"<p>Robe Miniman- 12 ans; multicolore en polyester effet soie. L\u00e9g\u00e8re et fluide. Bas \u00e0 volants pour une touche \u00e9l\u00e9gante et\u00a0 a\u00e9rienne. Mod\u00e8le chic \u00e0 porter \u00e0 de petites occasions<\/p>\n","protected":false},"excerpt":{"rendered":"<p>Robe Miniman . Mod\u00e8le chic et l\u00e9ger. Polyester effet soie- 12 ans<\/p>\n","protected":false},"featured_media":465,"comment_status":"open","ping_status":"closed","template":"","meta":[],"product_brand":[],"product_cat":[31],"product_tag":[],"class_list":{"0":"post-464","1":"product","2":"type-product","3":"status-publish","4":"has-post-thumbnail","6":"product_cat-robes-filles","8":"first","9":"instock","10":"shipping-taxable","11":"purchasable","12":"product-type-simple"},"jetpack_sharing_enabled":true,"_links":{"self":[{"href":"https:\/\/tresorsdanna.com\/index.php\/wp-json\/wp\/v2\/product\/464","targetHints":{"allow":["GET"]}}],"collection":[{"href":"https:\/\/tresorsdanna.com\/index.php\/wp-json\/wp\/v2\/product"}],"about":[{"href":"https:\/\/tresorsdanna.com\/index.php\/wp-json\/wp\/v2\/types\/product"}],"replies":[{"embeddable":true,"href":"https:\/\/tresorsdanna.com\/index.php\/wp-json\/wp\/v2\/comments?post=464"}],"wp:featuredmedia":[{"embeddable":true,"href":"https:\/\/tresorsdanna.com\/index.php\/wp-json\/wp\/v2\/media\/465"}],"wp:attachment":[{"href":"https:\/\/tresorsdanna.com\/index.php\/wp-json\/wp\/v2\/media?parent=464"}],"wp:term":[{"taxonomy":"product_brand","embeddable":true,"href":"https:\/\/tresorsdanna.com\/index.php\/wp-json\/wp\/v2\/product_brand?post=464"},{"taxonomy":"product_cat","embeddable":true,"href":"https:\/\/tresorsdanna.com\/index.php\/wp-json\/wp\/v2\/product_cat?post=464"},{"taxonomy":"product_tag","embeddable":true,"href":"https:\/\/tresorsdanna.com\/index.php\/wp-json\/wp\/v2\/product_tag?post=464"}],"curies":[{"name":"wp","href":"https:\/\/api.w.org\/{rel}","templated":true}]}}