{"id":451,"date":"2025-10-17T21:10:51","date_gmt":"2025-10-17T21:10:51","guid":{"rendered":"https:\/\/tresorsdanna.com\/?post_type=product&#038;p=451"},"modified":"2025-11-29T07:51:44","modified_gmt":"2025-11-29T07:51:44","slug":"robe-fillettes-du-pareil-au-meme-6ans","status":"publish","type":"product","link":"https:\/\/tresorsdanna.com\/index.php\/produit\/robe-fillettes-du-pareil-au-meme-6ans\/","title":{"rendered":"Robe- fillettes- Du Pareil au M\u00eame- Coton- Bleu Marine- rouge- 6ans"},"content":{"rendered":"<p>Jolie robe marine et rouge; style frais et pratique. Tissu agr\u00e9able \u00e0 porter. Facile d&rsquo;entretien. Fermeture zipp\u00e9e dans le dos.<\/p>\n<p>Composition: 97% coton- 3% \u00e9lasthanne<\/p>\n","protected":false},"excerpt":{"rendered":"<p>Robe- Marine et rouge-Du Pareil au M\u00eame- Mod\u00e8le confortable-Facile \u00e0 porter et \u00e0 entretenir- 6ans<\/p>\n","protected":false},"featured_media":1511,"comment_status":"open","ping_status":"closed","template":"","meta":[],"product_brand":[],"product_cat":[31],"product_tag":[],"class_list":{"0":"post-451","1":"product","2":"type-product","3":"status-publish","4":"has-post-thumbnail","6":"product_cat-robes-filles","8":"first","9":"instock","10":"shipping-taxable","11":"purchasable","12":"product-type-simple"},"jetpack_sharing_enabled":true,"_links":{"self":[{"href":"https:\/\/tresorsdanna.com\/index.php\/wp-json\/wp\/v2\/product\/451","targetHints":{"allow":["GET"]}}],"collection":[{"href":"https:\/\/tresorsdanna.com\/index.php\/wp-json\/wp\/v2\/product"}],"about":[{"href":"https:\/\/tresorsdanna.com\/index.php\/wp-json\/wp\/v2\/types\/product"}],"replies":[{"embeddable":true,"href":"https:\/\/tresorsdanna.com\/index.php\/wp-json\/wp\/v2\/comments?post=451"}],"wp:featuredmedia":[{"embeddable":true,"href":"https:\/\/tresorsdanna.com\/index.php\/wp-json\/wp\/v2\/media\/1511"}],"wp:attachment":[{"href":"https:\/\/tresorsdanna.com\/index.php\/wp-json\/wp\/v2\/media?parent=451"}],"wp:term":[{"taxonomy":"product_brand","embeddable":true,"href":"https:\/\/tresorsdanna.com\/index.php\/wp-json\/wp\/v2\/product_brand?post=451"},{"taxonomy":"product_cat","embeddable":true,"href":"https:\/\/tresorsdanna.com\/index.php\/wp-json\/wp\/v2\/product_cat?post=451"},{"taxonomy":"product_tag","embeddable":true,"href":"https:\/\/tresorsdanna.com\/index.php\/wp-json\/wp\/v2\/product_tag?post=451"}],"curies":[{"name":"wp","href":"https:\/\/api.w.org\/{rel}","templated":true}]}}