{"id":448,"date":"2025-10-17T20:50:15","date_gmt":"2025-10-17T20:50:15","guid":{"rendered":"https:\/\/tresorsdanna.com\/?post_type=product&#038;p=448"},"modified":"2025-11-27T06:29:54","modified_gmt":"2025-11-27T06:29:54","slug":"robe-fillettes-miniman-haut-multicolore-6ans","status":"publish","type":"product","link":"https:\/\/tresorsdanna.com\/index.php\/produit\/robe-fillettes-miniman-haut-multicolore-6ans\/","title":{"rendered":"Robe- Miniman- haut multicolore- bas noir \u00e0 volants- 6ans"},"content":{"rendered":"<p>Robe Miniman &#8211; Haut tricolore acrylique \/ Polyester. Bas\u00a0 \u00e0 volants\u00a0 coton 100% . Joli contraste. Tissu doux et confortable. Jupe\u00a0 doubl\u00e9e pour plus de confort et de tenue. Joli design\u00a0 agr\u00e9able \u00e0 porter, id\u00e9al pour\u00a0 le quotidien ou petites occasions<\/p>\n","protected":false},"excerpt":{"rendered":"<p>Robe de marque Miniman. Haut coton multicolore. Bas \u00e0 volants\u00a0 marine en coton- Tissu doux et doubl\u00e9. 6ans<\/p>\n","protected":false},"featured_media":1484,"comment_status":"open","ping_status":"closed","template":"","meta":[],"product_brand":[],"product_cat":[31],"product_tag":[],"class_list":{"0":"post-448","1":"product","2":"type-product","3":"status-publish","4":"has-post-thumbnail","6":"product_cat-robes-filles","8":"first","9":"instock","10":"shipping-taxable","11":"purchasable","12":"product-type-simple"},"jetpack_sharing_enabled":true,"_links":{"self":[{"href":"https:\/\/tresorsdanna.com\/index.php\/wp-json\/wp\/v2\/product\/448","targetHints":{"allow":["GET"]}}],"collection":[{"href":"https:\/\/tresorsdanna.com\/index.php\/wp-json\/wp\/v2\/product"}],"about":[{"href":"https:\/\/tresorsdanna.com\/index.php\/wp-json\/wp\/v2\/types\/product"}],"replies":[{"embeddable":true,"href":"https:\/\/tresorsdanna.com\/index.php\/wp-json\/wp\/v2\/comments?post=448"}],"wp:featuredmedia":[{"embeddable":true,"href":"https:\/\/tresorsdanna.com\/index.php\/wp-json\/wp\/v2\/media\/1484"}],"wp:attachment":[{"href":"https:\/\/tresorsdanna.com\/index.php\/wp-json\/wp\/v2\/media?parent=448"}],"wp:term":[{"taxonomy":"product_brand","embeddable":true,"href":"https:\/\/tresorsdanna.com\/index.php\/wp-json\/wp\/v2\/product_brand?post=448"},{"taxonomy":"product_cat","embeddable":true,"href":"https:\/\/tresorsdanna.com\/index.php\/wp-json\/wp\/v2\/product_cat?post=448"},{"taxonomy":"product_tag","embeddable":true,"href":"https:\/\/tresorsdanna.com\/index.php\/wp-json\/wp\/v2\/product_tag?post=448"}],"curies":[{"name":"wp","href":"https:\/\/api.w.org\/{rel}","templated":true}]}}