{"id":401,"date":"2025-10-15T19:38:00","date_gmt":"2025-10-15T19:38:00","guid":{"rendered":"https:\/\/tresorsdanna.com\/?post_type=product&#038;p=401"},"modified":"2025-11-21T15:40:50","modified_gmt":"2025-11-21T15:40:50","slug":"sandales-blanches-et-gris-argente-geox-respira-26","status":"publish","type":"product","link":"https:\/\/tresorsdanna.com\/index.php\/produit\/sandales-blanches-et-gris-argente-geox-respira-26\/","title":{"rendered":"Sandales blanches et gris argent\u00e9 Geox Respira (26)"},"content":{"rendered":"<p>Sandales Geox Respira. Coloris blanc et gris argent\u00e9, avec scratch pour un ajustement facile.<\/p>\n<p>Respirantes, l\u00e9g\u00e8res et confortables. Id\u00e9ales pour l&rsquo;\u00e9t\u00e9.<\/p>\n","protected":false},"excerpt":{"rendered":"<p>Belle paire de sandales Geox Respira 26. El\u00e9gante et confortable. Semelles antid\u00e9rapantes<\/p>\n","protected":false},"featured_media":402,"comment_status":"closed","ping_status":"closed","template":"","meta":[],"product_brand":[],"product_cat":[17],"product_tag":[],"class_list":{"0":"post-401","1":"product","2":"type-product","3":"status-publish","4":"has-post-thumbnail","6":"product_cat-chaussures-enfants","8":"first","9":"instock","10":"shipping-taxable","11":"purchasable","12":"product-type-simple"},"jetpack_sharing_enabled":true,"_links":{"self":[{"href":"https:\/\/tresorsdanna.com\/index.php\/wp-json\/wp\/v2\/product\/401","targetHints":{"allow":["GET"]}}],"collection":[{"href":"https:\/\/tresorsdanna.com\/index.php\/wp-json\/wp\/v2\/product"}],"about":[{"href":"https:\/\/tresorsdanna.com\/index.php\/wp-json\/wp\/v2\/types\/product"}],"replies":[{"embeddable":true,"href":"https:\/\/tresorsdanna.com\/index.php\/wp-json\/wp\/v2\/comments?post=401"}],"wp:featuredmedia":[{"embeddable":true,"href":"https:\/\/tresorsdanna.com\/index.php\/wp-json\/wp\/v2\/media\/402"}],"wp:attachment":[{"href":"https:\/\/tresorsdanna.com\/index.php\/wp-json\/wp\/v2\/media?parent=401"}],"wp:term":[{"taxonomy":"product_brand","embeddable":true,"href":"https:\/\/tresorsdanna.com\/index.php\/wp-json\/wp\/v2\/product_brand?post=401"},{"taxonomy":"product_cat","embeddable":true,"href":"https:\/\/tresorsdanna.com\/index.php\/wp-json\/wp\/v2\/product_cat?post=401"},{"taxonomy":"product_tag","embeddable":true,"href":"https:\/\/tresorsdanna.com\/index.php\/wp-json\/wp\/v2\/product_tag?post=401"}],"curies":[{"name":"wp","href":"https:\/\/api.w.org\/{rel}","templated":true}]}}